{"id":120,"date":"2020-05-07T10:53:33","date_gmt":"2020-05-07T10:53:33","guid":{"rendered":"https:\/\/cariera.co\/new\/?page_id=120"},"modified":"2020-05-07T10:53:33","modified_gmt":"2020-05-07T10:53:33","slug":"candidate-dashboard","status":"publish","type":"page","link":"https:\/\/locumsnb.ca\/fr\/candidate-dashboard\/","title":{"rendered":"Tableau de bord des candidats"},"content":{"rendered":"<div id=\"resume-manager-candidate-dashboard\">\n\t<p class=\"account-sign-in\">\n\t\tVous devez \u00eatre connect\u00e9 pour g\u00e9rer vos CV.\t<\/p>\n\t<a class=\"btn btn-main btn-effect popup-with-zoom-anim\" href=\"#login-register-popup\">Se connecter<\/a>\n<\/div>","protected":false},"excerpt":{"rendered":"","protected":false},"author":1,"featured_media":0,"parent":0,"menu_order":0,"comment_status":"closed","ping_status":"closed","template":"templates\/user-dashboard.php","meta":{"_coblocks_attr":"","_coblocks_dimensions":"","_coblocks_responsive_height":"","_coblocks_accordion_ie_support":"","footnotes":""},"class_list":["post-120","page","type-page","status-publish","hentry"],"yoast_head":"<!-- This site is optimized with the Yoast SEO plugin v26.8 - https:\/\/yoast.com\/product\/yoast-seo-wordpress\/ -->\n<title>Candidate Dashboard - Locums NB<\/title>\n<meta name=\"robots\" content=\"index, follow, max-snippet:-1, max-image-preview:large, max-video-preview:-1\" \/>\n<link rel=\"canonical\" href=\"https:\/\/locumsnb.ca\/fr\/candidate-dashboard\/\" \/>\n<meta property=\"og:locale\" content=\"fr_CA\" \/>\n<meta property=\"og:type\" content=\"article\" \/>\n<meta property=\"og:title\" content=\"Candidate Dashboard - Locums NB\" \/>\n<meta property=\"og:url\" content=\"https:\/\/locumsnb.ca\/fr\/candidate-dashboard\/\" \/>\n<meta property=\"og:site_name\" content=\"Locums NB\" \/>\n<meta name=\"twitter:card\" content=\"summary_large_image\" \/>\n<script type=\"application\/ld+json\" class=\"yoast-schema-graph\">{\"@context\":\"https:\/\/schema.org\",\"@graph\":[{\"@type\":\"BreadcrumbList\",\"@id\":\"https:\/\/locumsnb.ca\/candidate-dashboard\/#breadcrumb\",\"itemListElement\":[{\"@type\":\"ListItem\",\"position\":1,\"name\":\"Home\",\"item\":\"https:\/\/locumsnb.ca\/\"},{\"@type\":\"ListItem\",\"position\":2,\"name\":\"Candidate Dashboard\"}]},{\"@type\":\"WebSite\",\"@id\":\"https:\/\/locumsnb.ca\/#website\",\"url\":\"https:\/\/locumsnb.ca\/\",\"name\":\"Locums NB\",\"description\":\"New Brunswick Locum Opportunities\",\"publisher\":{\"@id\":\"https:\/\/locumsnb.ca\/#organization\"},\"potentialAction\":[{\"@type\":\"SearchAction\",\"target\":{\"@type\":\"EntryPoint\",\"urlTemplate\":\"https:\/\/locumsnb.ca\/?s={search_term_string}\"},\"query-input\":{\"@type\":\"PropertyValueSpecification\",\"valueRequired\":true,\"valueName\":\"search_term_string\"}}],\"inLanguage\":\"fr-CA\"},{\"@type\":\"Organization\",\"@id\":\"https:\/\/locumsnb.ca\/#organization\",\"name\":\"locumsNB\",\"url\":\"https:\/\/locumsnb.ca\/\",\"logo\":{\"@type\":\"ImageObject\",\"inLanguage\":\"fr-CA\",\"@id\":\"https:\/\/locumsnb.ca\/#\/schema\/logo\/image\/\",\"url\":\"http:\/\/locumsnb.ca\/wp-content\/uploads\/2021\/05\/locumsnb_logo.jpg\",\"contentUrl\":\"http:\/\/locumsnb.ca\/wp-content\/uploads\/2021\/05\/locumsnb_logo.jpg\",\"width\":461,\"height\":88,\"caption\":\"locumsNB\"},\"image\":{\"@id\":\"https:\/\/locumsnb.ca\/#\/schema\/logo\/image\/\"}}]}<\/script>\n<!-- \/ Yoast SEO plugin. -->","yoast_head_json":{"title":"Tableau de bord des candidats - Locums NB","robots":{"index":"index","follow":"follow","max-snippet":"max-snippet:-1","max-image-preview":"max-image-preview:large","max-video-preview":"max-video-preview:-1"},"canonical":"https:\/\/locumsnb.ca\/fr\/candidate-dashboard\/","og_locale":"fr_CA","og_type":"article","og_title":"Candidate Dashboard - Locums NB","og_url":"https:\/\/locumsnb.ca\/fr\/candidate-dashboard\/","og_site_name":"Locums NB","twitter_card":"summary_large_image","schema":{"@context":"https:\/\/schema.org","@graph":[{"@type":"BreadcrumbList","@id":"https:\/\/locumsnb.ca\/candidate-dashboard\/#breadcrumb","itemListElement":[{"@type":"ListItem","position":1,"name":"Home","item":"https:\/\/locumsnb.ca\/"},{"@type":"ListItem","position":2,"name":"Candidate Dashboard"}]},{"@type":"WebSite","@id":"https:\/\/locumsnb.ca\/#website","url":"https:\/\/locumsnb.ca\/","name":"Locums NB","description":"Opportunit\u00e9s de suppl\u00e9ance au Nouveau-Brunswick","publisher":{"@id":"https:\/\/locumsnb.ca\/#organization"},"potentialAction":[{"@type":"SearchAction","target":{"@type":"EntryPoint","urlTemplate":"https:\/\/locumsnb.ca\/?s={search_term_string}"},"query-input":{"@type":"PropertyValueSpecification","valueRequired":true,"valueName":"search_term_string"}}],"inLanguage":"fr-CA"},{"@type":"Organization","@id":"https:\/\/locumsnb.ca\/#organization","name":"rempla\u00e7antsNB","url":"https:\/\/locumsnb.ca\/","logo":{"@type":"ImageObject","inLanguage":"fr-CA","@id":"https:\/\/locumsnb.ca\/#\/schema\/logo\/image\/","url":"http:\/\/locumsnb.ca\/wp-content\/uploads\/2021\/05\/locumsnb_logo.jpg","contentUrl":"http:\/\/locumsnb.ca\/wp-content\/uploads\/2021\/05\/locumsnb_logo.jpg","width":461,"height":88,"caption":"locumsNB"},"image":{"@id":"https:\/\/locumsnb.ca\/#\/schema\/logo\/image\/"}}]}},"_links":{"self":[{"href":"https:\/\/locumsnb.ca\/fr\/wp-json\/wp\/v2\/pages\/120","targetHints":{"allow":["GET"]}}],"collection":[{"href":"https:\/\/locumsnb.ca\/fr\/wp-json\/wp\/v2\/pages"}],"about":[{"href":"https:\/\/locumsnb.ca\/fr\/wp-json\/wp\/v2\/types\/page"}],"author":[{"embeddable":true,"href":"https:\/\/locumsnb.ca\/fr\/wp-json\/wp\/v2\/users\/1"}],"replies":[{"embeddable":true,"href":"https:\/\/locumsnb.ca\/fr\/wp-json\/wp\/v2\/comments?post=120"}],"version-history":[{"count":0,"href":"https:\/\/locumsnb.ca\/fr\/wp-json\/wp\/v2\/pages\/120\/revisions"}],"wp:attachment":[{"href":"https:\/\/locumsnb.ca\/fr\/wp-json\/wp\/v2\/media?parent=120"}],"curies":[{"name":"wp","href":"https:\/\/api.w.org\/{rel}","templated":true}]}}