{"id":175,"date":"2020-05-07T11:19:00","date_gmt":"2020-05-07T11:19:00","guid":{"rendered":"https:\/\/cariera.co\/new\/?page_id=175"},"modified":"2025-02-17T15:39:12","modified_gmt":"2025-02-17T19:39:12","slug":"home-8","status":"publish","type":"page","link":"https:\/\/locumsnb.ca\/fr\/","title":{"rendered":"Accueil 8"},"content":{"rendered":"<div data-elementor-type=\"wp-page\" data-elementor-id=\"175\" class=\"elementor elementor-175\">\n\t\t\t\t\t\t<section class=\"elementor-section elementor-top-section elementor-element elementor-element-454a5df elementor-section-stretched elementor-section-boxed elementor-section-height-default elementor-section-height-default\" data-id=\"454a5df\" data-element_type=\"section\" data-e-type=\"section\" data-settings=\"{&quot;stretch_section&quot;:&quot;section-stretched&quot;,&quot;background_background&quot;:&quot;classic&quot;}\">\n\t\t\t\t\t\t\t<div class=\"elementor-background-overlay\"><\/div>\n\t\t\t\t\t\t\t<div class=\"elementor-container elementor-column-gap-default\">\n\t\t\t\t\t<div class=\"elementor-column elementor-col-100 elementor-top-column elementor-element elementor-element-ff2660a\" data-id=\"ff2660a\" data-element_type=\"column\" data-e-type=\"column\">\n\t\t\t<div class=\"elementor-widget-wrap elementor-element-populated\">\n\t\t\t\t\t\t<div class=\"elementor-element elementor-element-0a12ebb elementor-widget elementor-widget-heading\" data-id=\"0a12ebb\" data-element_type=\"widget\" data-e-type=\"widget\" data-widget_type=\"heading.default\">\n\t\t\t\t<div class=\"elementor-widget-container\">\n\t\t\t\t\t<h2 class=\"elementor-heading-title elementor-size-default\">Trouver des opportunit\u00e9s de suppl\u00e9ants<\/h2>\t\t\t\t<\/div>\n\t\t\t\t<\/div>\n\t\t\t\t<div class=\"elementor-element elementor-element-7f86e70 elementor-widget elementor-widget-heading\" data-id=\"7f86e70\" data-element_type=\"widget\" data-e-type=\"widget\" data-widget_type=\"heading.default\">\n\t\t\t\t<div class=\"elementor-widget-container\">\n\t\t\t\t\t<h6 class=\"elementor-heading-title elementor-size-default\">Rempla\u00e7ants du Nouveau-Brunswick<\/h6>\t\t\t\t<\/div>\n\t\t\t\t<\/div>\n\t\t\t\t<div class=\"elementor-element elementor-element-7d6032c elementor-widget elementor-widget-heading\" data-id=\"7d6032c\" data-element_type=\"widget\" data-e-type=\"widget\" data-widget_type=\"heading.default\">\n\t\t\t\t<div class=\"elementor-widget-container\">\n\t\t\t\t\t<p class=\"elementor-heading-title elementor-size-default\"><a href=\"\/fr\/jobs\/\">Recherche Avanc\u00e9e<\/a><\/p>\t\t\t\t<\/div>\n\t\t\t\t<\/div>\n\t\t\t\t\t<\/div>\n\t\t<\/div>\n\t\t\t\t\t<\/div>\n\t\t<\/section>\n\t\t\t\t<section class=\"elementor-section elementor-top-section elementor-element elementor-element-fb7bda5 elementor-section-stretched elementor-section-boxed elementor-section-height-default elementor-section-height-default\" data-id=\"fb7bda5\" data-element_type=\"section\" data-e-type=\"section\" data-settings=\"{&quot;stretch_section&quot;:&quot;section-stretched&quot;}\">\n\t\t\t\t\t\t<div class=\"elementor-container elementor-column-gap-default\">\n\t\t\t\t\t<div class=\"elementor-column elementor-col-100 elementor-top-column elementor-element elementor-element-b059c1c\" data-id=\"b059c1c\" data-element_type=\"column\" data-e-type=\"column\">\n\t\t\t<div class=\"elementor-widget-wrap elementor-element-populated\">\n\t\t\t\t\t\t<div class=\"elementor-element elementor-element-41822a1 elementor-widget elementor-widget-heading\" data-id=\"41822a1\" data-element_type=\"widget\" data-e-type=\"widget\" data-widget_type=\"heading.default\">\n\t\t\t\t<div class=\"elementor-widget-container\">\n\t\t\t\t\t<h3 class=\"elementor-heading-title elementor-size-default\">Cat\u00e9gories de Locum<\/h3>\t\t\t\t<\/div>\n\t\t\t\t<\/div>\n\t\t\t\t<div class=\"elementor-element elementor-element-da50e85 elementor-widget elementor-widget-listing_categories_grid\" data-id=\"da50e85\" data-element_type=\"widget\" data-e-type=\"widget\" data-widget_type=\"listing_categories_grid.default\">\n\t\t\t\t<div class=\"elementor-widget-container\">\n\t\t\t\t\t\n<div class=\"listing-category-wrapper grid-layout\">\n\t\n\t\t\n<div class=\"listing-categories job_listing-categories grid-layout2\">\n\t\n\t\t<div class=\"listing-category\">\n\t\t\t<a href=\"https:\/\/locumsnb.ca\/fr\/job-category\/gp\/\">\n\n\t\t\t\t\t\t\t\t\t\t<i class=\"las la-stethoscope\"><\/i>\n\t\t\t\t\t\t\n\t\t\t\t<h4 class=\"title\">Pratique g\u00e9n\u00e9rale<\/h4>\n\n\t\t\t\t\t\t\t\t\n\t\t\t\t\n\t\t\t\t\t\t\t<\/a>\n\t\t<\/div>\n\t\n\t\t<div class=\"listing-category\">\n\t\t\t<a href=\"https:\/\/locumsnb.ca\/fr\/job-category\/ed\/\">\n\n\t\t\t\t\t\t\t\t\t\t<i class=\"las la-paste\"><\/i>\n\t\t\t\t\t\t\n\t\t\t\t<h4 class=\"title\">M\u00e9decine d&#039;urgence<\/h4>\n\n\t\t\t\t\t\t\t\t\n\t\t\t\t\n\t\t\t\t\t\t\t<\/a>\n\t\t<\/div>\n\t\n\t\t<div class=\"listing-category\">\n\t\t\t<a href=\"https:\/\/locumsnb.ca\/fr\/job-category\/specialist\/\">\n\n\t\t\t\t\t\t\t\t\t\t<i class=\"las la-briefcase-medical\"><\/i>\n\t\t\t\t\t\t\n\t\t\t\t<h4 class=\"title\">Sp\u00e9cialiste<\/h4>\n\n\t\t\t\t\t\t\t\t\n\t\t\t\t\n\t\t\t\t\t\t\t<\/a>\n\t\t<\/div>\n\t\n\t\t<div class=\"listing-category\">\n\t\t\t<a href=\"https:\/\/locumsnb.ca\/fr\/job-category\/allied\/\">\n\n\t\t\t\t\t\t\t\t\t\t<i class=\"las la-hospital-symbol\"><\/i>\n\t\t\t\t\t\t\n\t\t\t\t<h4 class=\"title\">Sant\u00e9 alli\u00e9e<\/h4>\n\n\t\t\t\t\t\t\t\t\n\t\t\t\t\n\t\t\t\t\t\t\t<\/a>\n\t\t<\/div>\n\t<\/div>\n<\/div>\n\t\t\t\t<\/div>\n\t\t\t\t<\/div>\n\t\t\t\t\t<\/div>\n\t\t<\/div>\n\t\t\t\t\t<\/div>\n\t\t<\/section>\n\t\t\t\t<section class=\"elementor-section elementor-top-section elementor-element elementor-element-0517d93 elementor-section-stretched elementor-section-full_width elementor-section-content-middle elementor-section-height-default elementor-section-height-default\" data-id=\"0517d93\" data-element_type=\"section\" data-e-type=\"section\" data-settings=\"{&quot;stretch_section&quot;:&quot;section-stretched&quot;}\">\n\t\t\t\t\t\t<div class=\"elementor-container elementor-column-gap-no\">\n\t\t\t\t\t<div class=\"elementor-column elementor-col-50 elementor-top-column elementor-element elementor-element-2f2792d\" data-id=\"2f2792d\" data-element_type=\"column\" data-e-type=\"column\" data-settings=\"{&quot;background_background&quot;:&quot;classic&quot;}\">\n\t\t\t<div class=\"elementor-widget-wrap elementor-element-populated\">\n\t\t\t\t\t<div class=\"elementor-background-overlay\"><\/div>\n\t\t\t\t\t\t<div class=\"elementor-element elementor-element-cc521ce elementor-widget elementor-widget-heading\" data-id=\"cc521ce\" data-element_type=\"widget\" data-e-type=\"widget\" data-widget_type=\"heading.default\">\n\t\t\t\t<div class=\"elementor-widget-container\">\n\t\t\t\t\t<h6 class=\"elementor-heading-title elementor-size-default\">Commencez \u00e0 publier vos Locums<\/h6>\t\t\t\t<\/div>\n\t\t\t\t<\/div>\n\t\t\t\t<div class=\"elementor-element elementor-element-ffc9bbf elementor-widget elementor-widget-cariera_button\" data-id=\"ffc9bbf\" data-element_type=\"widget\" data-e-type=\"widget\" data-widget_type=\"cariera_button.default\">\n\t\t\t\t<div class=\"elementor-widget-container\">\n\t\t\t\t\t<div class=\"text-center\"><a href=\"\/fr\/Login-Register\/\"  class=\"btn btn-main btn-effect\" >S&#039;inscrire<\/a><\/div>\t\t\t\t<\/div>\n\t\t\t\t<\/div>\n\t\t\t\t\t<\/div>\n\t\t<\/div>\n\t\t\t\t<div class=\"elementor-column elementor-col-50 elementor-top-column elementor-element elementor-element-5a33643\" data-id=\"5a33643\" data-element_type=\"column\" data-e-type=\"column\" data-settings=\"{&quot;background_background&quot;:&quot;classic&quot;}\">\n\t\t\t<div class=\"elementor-widget-wrap elementor-element-populated\">\n\t\t\t\t\t<div class=\"elementor-background-overlay\"><\/div>\n\t\t\t\t\t\t<div class=\"elementor-element elementor-element-c0f0e64 elementor-widget elementor-widget-heading\" data-id=\"c0f0e64\" data-element_type=\"widget\" data-e-type=\"widget\" data-widget_type=\"heading.default\">\n\t\t\t\t<div class=\"elementor-widget-container\">\n\t\t\t\t\t<h6 class=\"elementor-heading-title elementor-size-default\">Commencez \u00e0 publier votre CV<\/h6>\t\t\t\t<\/div>\n\t\t\t\t<\/div>\n\t\t\t\t<div class=\"elementor-element elementor-element-549c1c5 elementor-widget elementor-widget-cariera_button\" data-id=\"549c1c5\" data-element_type=\"widget\" data-e-type=\"widget\" data-widget_type=\"cariera_button.default\">\n\t\t\t\t<div class=\"elementor-widget-container\">\n\t\t\t\t\t<div class=\"text-center\"><a href=\"\/fr\/Login-Register\/\"  class=\"btn btn-main btn-effect\" >S&#039;inscrire<\/a><\/div>\t\t\t\t<\/div>\n\t\t\t\t<\/div>\n\t\t\t\t\t<\/div>\n\t\t<\/div>\n\t\t\t\t\t<\/div>\n\t\t<\/section>\n\t\t\t\t<section class=\"elementor-section elementor-top-section elementor-element elementor-element-28613fe elementor-section-boxed elementor-section-height-default elementor-section-height-default\" data-id=\"28613fe\" data-element_type=\"section\" data-e-type=\"section\">\n\t\t\t\t\t\t<div class=\"elementor-container elementor-column-gap-default\">\n\t\t\t\t\t<div class=\"elementor-column elementor-col-100 elementor-top-column elementor-element elementor-element-6b54074\" data-id=\"6b54074\" data-element_type=\"column\" data-e-type=\"column\">\n\t\t\t<div class=\"elementor-widget-wrap elementor-element-populated\">\n\t\t\t\t\t\t<div class=\"elementor-element elementor-element-84a687d elementor-widget-divider--view-line elementor-widget elementor-widget-divider\" data-id=\"84a687d\" data-element_type=\"widget\" data-e-type=\"widget\" data-widget_type=\"divider.default\">\n\t\t\t\t<div class=\"elementor-widget-container\">\n\t\t\t\t\t\t\t<div class=\"elementor-divider\">\n\t\t\t<span class=\"elementor-divider-separator\">\n\t\t\t\t\t\t<\/span>\n\t\t<\/div>\n\t\t\t\t\t\t<\/div>\n\t\t\t\t<\/div>\n\t\t\t\t<div class=\"elementor-element elementor-element-dc2c9ca elementor-widget elementor-widget-blog_slider\" data-id=\"dc2c9ca\" data-element_type=\"widget\" data-e-type=\"widget\" data-widget_type=\"blog_slider.default\">\n\t\t\t\t<div class=\"elementor-widget-container\">\n\t\t\t\t\t\t\t\t<div class=\"blog-post-slider\">\n\t\t\t\t\t\t\t\t\t\t\t<div class=\"blog-post-layout2\" id=\"post-5038\">\n\t\t\t<div class=\"bloglist-post-thumbnail\" style=\"background-image: url(https:\/\/locumsnb.ca\/wp-content\/uploads\/2022\/12\/qtq80-aFrEM1-840x350.jpeg)\"><\/div>\n\n\t\t\t<div class=\"bloglist-text-wrapper\">\n\t\t\t\t\t\t\t\t\t\t<span class=\"post-category\">\n\t\t\t\t\t\t\t<a href=\"https:\/\/locumsnb.ca\/fr\/category\/news\/\">\n\t\t\t\t\t\t\t\tNouvelles\t\t\t\t\t\t\t<\/a>\n\t\t\t\t\t\t<\/span>\n\t\t\t\t\t\t\n\t\t\t\t<h4 class=\"bloglist-title\">\n\t\t\t\t\t<a href=\"https:\/\/locumsnb.ca\/fr\/maximizing-your-earnings-as-a-physician-locum\/\" title=\"Maximiser vos revenus en tant que m\u00e9decin suppl\u00e9ant\">\n\t\t\t\t\t\tMaximiser vos revenus en tant que m\u00e9decin suppl\u00e9ant\t\t\t\t\t<\/a>\n\t\t\t\t<\/h4>\n\n\t\t\t\t\t\t\t\t\t<div class=\"bloglist-meta\">\n\t\t\t\t\t\t<i class=\"las la-calendar\"><\/i> 5 f\u00e9vrier 2023\t\t\t\t\t<\/div>\n\t\t\t\t\n\t\t\t\t<div class=\"bloglist-excerpt\">\n\t\t\t\t\t<p>Pour de nombreux m\u00e9decins, devenir suppl\u00e9ant est une option attrayante en raison de l&#039;horaire de travail flexible et de la possibilit\u00e9 de gagner un salaire plus \u00e9lev\u00e9...<\/p>\n\t\t\t\t\t<a href=\"https:\/\/locumsnb.ca\/fr\/maximizing-your-earnings-as-a-physician-locum\/\" class=\"btn btn-main btn-effect\">\n\t\t\t\t\t\tEn savoir plus\t\t\t\t\t<\/a>\n\t\t\t\t<\/div>\n\t\t\t<\/div>\n\t\t<\/div>\n\t\t\t\t\t\t\t\t\t\t\t\t\t<div class=\"blog-post-layout2\" id=\"post-5025\">\n\t\t\t<div class=\"bloglist-post-thumbnail\" style=\"background-image: url(https:\/\/locumsnb.ca\/wp-content\/uploads\/2022\/12\/qtq80-hFs1yM-840x350.jpeg)\"><\/div>\n\n\t\t\t<div class=\"bloglist-text-wrapper\">\n\t\t\t\t\t\t\t\t\t\t<span class=\"post-category\">\n\t\t\t\t\t\t\t<a href=\"https:\/\/locumsnb.ca\/fr\/category\/news\/\">\n\t\t\t\t\t\t\t\tNouvelles\t\t\t\t\t\t\t<\/a>\n\t\t\t\t\t\t<\/span>\n\t\t\t\t\t\t\n\t\t\t\t<h4 class=\"bloglist-title\">\n\t\t\t\t\t<a href=\"https:\/\/locumsnb.ca\/fr\/treating-patients-with-respect\/\" title=\"Traiter les patients avec respect\">\n\t\t\t\t\t\tTraiter les patients avec respect\t\t\t\t\t<\/a>\n\t\t\t\t<\/h4>\n\n\t\t\t\t\t\t\t\t\t<div class=\"bloglist-meta\">\n\t\t\t\t\t\t<i class=\"las la-calendar\"><\/i> 20 d\u00e9cembre 2022\t\t\t\t\t<\/div>\n\t\t\t\t\n\t\t\t\t<div class=\"bloglist-excerpt\">\n\t\t\t\t\t<p>Traiter les patients avec respect est essentiel pour fournir des soins de sant\u00e9 de haute qualit\u00e9. Il peut am\u00e9liorer la satisfaction et la confiance des patients, ainsi que contribuer \u00e0 une meilleure...<\/p>\n\t\t\t\t\t<a href=\"https:\/\/locumsnb.ca\/fr\/treating-patients-with-respect\/\" class=\"btn btn-main btn-effect\">\n\t\t\t\t\t\tEn savoir plus\t\t\t\t\t<\/a>\n\t\t\t\t<\/div>\n\t\t\t<\/div>\n\t\t<\/div>\n\t\t\t\t\t\t\t\t\t\t\t\t\t<div class=\"blog-post-layout2\" id=\"post-5020\">\n\t\t\t<div class=\"bloglist-post-thumbnail\" style=\"background-image: url(https:\/\/locumsnb.ca\/wp-content\/uploads\/2022\/12\/qtq80-9JOVKU-840x350.jpeg)\"><\/div>\n\n\t\t\t<div class=\"bloglist-text-wrapper\">\n\t\t\t\t\t\t\t\t\t\t<span class=\"post-category\">\n\t\t\t\t\t\t\t<a href=\"https:\/\/locumsnb.ca\/fr\/category\/news\/\">\n\t\t\t\t\t\t\t\tNouvelles\t\t\t\t\t\t\t<\/a>\n\t\t\t\t\t\t<\/span>\n\t\t\t\t\t\t\n\t\t\t\t<h4 class=\"bloglist-title\">\n\t\t\t\t\t<a href=\"https:\/\/locumsnb.ca\/fr\/here-are-some-helpful-tips-for-running-an-efficient-medical-office\/\" title=\"Voici quelques conseils utiles pour g\u00e9rer un cabinet m\u00e9dical efficace :\">\n\t\t\t\t\t\tVoici quelques conseils utiles pour g\u00e9rer un cabinet m\u00e9dical efficace :\t\t\t\t\t<\/a>\n\t\t\t\t<\/h4>\n\n\t\t\t\t\t\t\t\t\t<div class=\"bloglist-meta\">\n\t\t\t\t\t\t<i class=\"las la-calendar\"><\/i> 20 d\u00e9cembre 2022\t\t\t\t\t<\/div>\n\t\t\t\t\n\t\t\t\t<div class=\"bloglist-excerpt\">\n\t\t\t\t\t<p>Voici quelques conseils utiles pour g\u00e9rer un cabinet m\u00e9dical efficace : Mettre en \u0153uvre des dossiers m\u00e9dicaux \u00e9lectroniques (DME) et un logiciel de gestion de cabinet : Ces syst\u00e8mes peuvent...<\/p>\n\t\t\t\t\t<a href=\"https:\/\/locumsnb.ca\/fr\/here-are-some-helpful-tips-for-running-an-efficient-medical-office\/\" class=\"btn btn-main btn-effect\">\n\t\t\t\t\t\tEn savoir plus\t\t\t\t\t<\/a>\n\t\t\t\t<\/div>\n\t\t\t<\/div>\n\t\t<\/div>\n\t\t\t\t\t\t\t\t\t<\/div>\n\t\t\t\t\t\t\t<\/div>\n\t\t\t\t<\/div>\n\t\t\t\t<div class=\"elementor-element elementor-element-01416c4 elementor-widget-divider--view-line elementor-widget elementor-widget-divider\" data-id=\"01416c4\" data-element_type=\"widget\" data-e-type=\"widget\" data-widget_type=\"divider.default\">\n\t\t\t\t<div class=\"elementor-widget-container\">\n\t\t\t\t\t\t\t<div class=\"elementor-divider\">\n\t\t\t<span class=\"elementor-divider-separator\">\n\t\t\t\t\t\t<\/span>\n\t\t<\/div>\n\t\t\t\t\t\t<\/div>\n\t\t\t\t<\/div>\n\t\t\t\t\t<\/div>\n\t\t<\/div>\n\t\t\t\t\t<\/div>\n\t\t<\/section>\n\t\t\t\t<section class=\"elementor-section elementor-top-section elementor-element elementor-element-ebc87e2 elementor-section-boxed elementor-section-height-default elementor-section-height-default\" data-id=\"ebc87e2\" data-element_type=\"section\" data-e-type=\"section\">\n\t\t\t\t\t\t<div class=\"elementor-container elementor-column-gap-default\">\n\t\t\t\t\t<div class=\"elementor-column elementor-col-100 elementor-top-column elementor-element elementor-element-b1a78d4\" data-id=\"b1a78d4\" data-element_type=\"column\" data-e-type=\"column\">\n\t\t\t<div class=\"elementor-widget-wrap\">\n\t\t\t\t\t\t\t<\/div>\n\t\t<\/div>\n\t\t\t\t\t<\/div>\n\t\t<\/section>\n\t\t\t\t<\/div>","protected":false},"excerpt":{"rendered":"<p>Find locum opportunities New Brunswick locums Advanced search Locum Categories General Practice Emergency Medicine Specialist Allied Health Start posting your Locums Sign Up Start posting your Resume Sign Up News Maximizing Your Earnings as a Physician Locum February 5, 2023 For many physicians, becoming a locum is an attractive option because of the flexible work [&hellip;]<\/p>\n","protected":false},"author":1,"featured_media":0,"parent":0,"menu_order":0,"comment_status":"closed","ping_status":"closed","template":"","meta":{"_coblocks_attr":"","_coblocks_dimensions":"","_coblocks_responsive_height":"","_coblocks_accordion_ie_support":"","footnotes":""},"class_list":["post-175","page","type-page","status-publish","hentry"],"yoast_head":"<!-- This site is optimized with the Yoast SEO plugin v26.8 - https:\/\/yoast.com\/product\/yoast-seo-wordpress\/ -->\n<title>locumsNB - New Brunswick Locum Opportunities for medical staff<\/title>\n<meta name=\"description\" content=\"Search for locum opportunities, apply to locum opportunities, add your resume to locum candidates for New Brunswick.\" \/>\n<meta name=\"robots\" content=\"index, follow, max-snippet:-1, max-image-preview:large, max-video-preview:-1\" \/>\n<link rel=\"canonical\" href=\"https:\/\/locumsnb.ca\/fr\/\" \/>\n<meta property=\"og:locale\" content=\"fr_CA\" \/>\n<meta property=\"og:type\" content=\"article\" \/>\n<meta property=\"og:title\" content=\"locumsNB - New Brunswick Locum Opportunities for medical staff\" \/>\n<meta property=\"og:description\" content=\"Search for locum opportunities, apply to locum opportunities, add your resume to locum candidates for New Brunswick.\" \/>\n<meta property=\"og:url\" content=\"https:\/\/locumsnb.ca\/fr\/\" \/>\n<meta property=\"og:site_name\" content=\"Locums NB\" \/>\n<meta property=\"article:modified_time\" content=\"2025-02-17T19:39:12+00:00\" \/>\n<meta name=\"twitter:card\" content=\"summary_large_image\" \/>\n<meta name=\"twitter:label1\" content=\"Estimation du temps de lecture\" \/>\n\t<meta name=\"twitter:data1\" content=\"1 minute\" \/>\n<script type=\"application\/ld+json\" class=\"yoast-schema-graph\">{\"@context\":\"https:\/\/schema.org\",\"@graph\":[{\"@type\":\"BreadcrumbList\",\"@id\":\"https:\/\/locumsnb.ca\/#breadcrumb\",\"itemListElement\":[{\"@type\":\"ListItem\",\"position\":1,\"name\":\"Home\",\"item\":\"https:\/\/locumsnb.ca\/\"},{\"@type\":\"ListItem\",\"position\":2,\"name\":\"Home 8\"}]},{\"@type\":\"WebSite\",\"@id\":\"https:\/\/locumsnb.ca\/#website\",\"url\":\"https:\/\/locumsnb.ca\/\",\"name\":\"Locums NB\",\"description\":\"New Brunswick Locum Opportunities\",\"publisher\":{\"@id\":\"https:\/\/locumsnb.ca\/#organization\"},\"potentialAction\":[{\"@type\":\"SearchAction\",\"target\":{\"@type\":\"EntryPoint\",\"urlTemplate\":\"https:\/\/locumsnb.ca\/?s={search_term_string}\"},\"query-input\":{\"@type\":\"PropertyValueSpecification\",\"valueRequired\":true,\"valueName\":\"search_term_string\"}}],\"inLanguage\":\"fr-CA\"},{\"@type\":\"Organization\",\"@id\":\"https:\/\/locumsnb.ca\/#organization\",\"name\":\"locumsNB\",\"url\":\"https:\/\/locumsnb.ca\/\",\"logo\":{\"@type\":\"ImageObject\",\"inLanguage\":\"fr-CA\",\"@id\":\"https:\/\/locumsnb.ca\/#\/schema\/logo\/image\/\",\"url\":\"http:\/\/locumsnb.ca\/wp-content\/uploads\/2021\/05\/locumsnb_logo.jpg\",\"contentUrl\":\"http:\/\/locumsnb.ca\/wp-content\/uploads\/2021\/05\/locumsnb_logo.jpg\",\"width\":461,\"height\":88,\"caption\":\"locumsNB\"},\"image\":{\"@id\":\"https:\/\/locumsnb.ca\/#\/schema\/logo\/image\/\"}}]}<\/script>\n<!-- \/ Yoast SEO plugin. -->","yoast_head_json":{"title":"locumsNB - Opportunit\u00e9s de remplacement au Nouveau-Brunswick pour le personnel m\u00e9dical","description":"Recherchez des opportunit\u00e9s de remplacement, postulez \u00e0 ces opportunit\u00e9s, ajoutez votre CV aux listes de candidats rempla\u00e7ants pour le Nouveau-Brunswick.","robots":{"index":"index","follow":"follow","max-snippet":"max-snippet:-1","max-image-preview":"max-image-preview:large","max-video-preview":"max-video-preview:-1"},"canonical":"https:\/\/locumsnb.ca\/fr\/","og_locale":"fr_CA","og_type":"article","og_title":"locumsNB - New Brunswick Locum Opportunities for medical staff","og_description":"Search for locum opportunities, apply to locum opportunities, add your resume to locum candidates for New Brunswick.","og_url":"https:\/\/locumsnb.ca\/fr\/","og_site_name":"Locums NB","article_modified_time":"2025-02-17T19:39:12+00:00","twitter_card":"summary_large_image","twitter_misc":{"Estimation du temps de lecture":"1 minute"},"schema":{"@context":"https:\/\/schema.org","@graph":[{"@type":"BreadcrumbList","@id":"https:\/\/locumsnb.ca\/#breadcrumb","itemListElement":[{"@type":"ListItem","position":1,"name":"Home","item":"https:\/\/locumsnb.ca\/"},{"@type":"ListItem","position":2,"name":"Home 8"}]},{"@type":"WebSite","@id":"https:\/\/locumsnb.ca\/#website","url":"https:\/\/locumsnb.ca\/","name":"Locums NB","description":"Opportunit\u00e9s de suppl\u00e9ance au Nouveau-Brunswick","publisher":{"@id":"https:\/\/locumsnb.ca\/#organization"},"potentialAction":[{"@type":"SearchAction","target":{"@type":"EntryPoint","urlTemplate":"https:\/\/locumsnb.ca\/?s={search_term_string}"},"query-input":{"@type":"PropertyValueSpecification","valueRequired":true,"valueName":"search_term_string"}}],"inLanguage":"fr-CA"},{"@type":"Organization","@id":"https:\/\/locumsnb.ca\/#organization","name":"rempla\u00e7antsNB","url":"https:\/\/locumsnb.ca\/","logo":{"@type":"ImageObject","inLanguage":"fr-CA","@id":"https:\/\/locumsnb.ca\/#\/schema\/logo\/image\/","url":"http:\/\/locumsnb.ca\/wp-content\/uploads\/2021\/05\/locumsnb_logo.jpg","contentUrl":"http:\/\/locumsnb.ca\/wp-content\/uploads\/2021\/05\/locumsnb_logo.jpg","width":461,"height":88,"caption":"locumsNB"},"image":{"@id":"https:\/\/locumsnb.ca\/#\/schema\/logo\/image\/"}}]}},"_links":{"self":[{"href":"https:\/\/locumsnb.ca\/fr\/wp-json\/wp\/v2\/pages\/175","targetHints":{"allow":["GET"]}}],"collection":[{"href":"https:\/\/locumsnb.ca\/fr\/wp-json\/wp\/v2\/pages"}],"about":[{"href":"https:\/\/locumsnb.ca\/fr\/wp-json\/wp\/v2\/types\/page"}],"author":[{"embeddable":true,"href":"https:\/\/locumsnb.ca\/fr\/wp-json\/wp\/v2\/users\/1"}],"replies":[{"embeddable":true,"href":"https:\/\/locumsnb.ca\/fr\/wp-json\/wp\/v2\/comments?post=175"}],"version-history":[{"count":34,"href":"https:\/\/locumsnb.ca\/fr\/wp-json\/wp\/v2\/pages\/175\/revisions"}],"predecessor-version":[{"id":5072,"href":"https:\/\/locumsnb.ca\/fr\/wp-json\/wp\/v2\/pages\/175\/revisions\/5072"}],"wp:attachment":[{"href":"https:\/\/locumsnb.ca\/fr\/wp-json\/wp\/v2\/media?parent=175"}],"curies":[{"name":"wp","href":"https:\/\/api.w.org\/{rel}","templated":true}]}}