{"id":2972,"date":"2020-05-08T08:21:50","date_gmt":"2020-05-08T12:21:50","guid":{"rendered":"https:\/\/cariera.co\/new\/?page_id=2972"},"modified":"2021-04-22T17:28:15","modified_gmt":"2021-04-22T21:28:15","slug":"privacy-policy-3","status":"publish","type":"page","link":"https:\/\/locumsnb.ca\/fr\/privacy-policy-3\/","title":{"rendered":"Politique de confidentialit\u00e9"},"content":{"rendered":"<div data-elementor-type=\"wp-page\" data-elementor-id=\"2972\" class=\"elementor elementor-2972\">\n\t\t\t\t\t\t<section class=\"elementor-section elementor-top-section elementor-element elementor-element-bd1159d elementor-section-boxed elementor-section-height-default elementor-section-height-default\" data-id=\"bd1159d\" data-element_type=\"section\" data-e-type=\"section\" data-settings=\"{&quot;background_background&quot;:&quot;gradient&quot;}\">\n\t\t\t\t\t\t<div class=\"elementor-container elementor-column-gap-default\">\n\t\t\t\t\t<div class=\"elementor-column elementor-col-100 elementor-top-column elementor-element elementor-element-ea8b001\" data-id=\"ea8b001\" data-element_type=\"column\" data-e-type=\"column\">\n\t\t\t<div class=\"elementor-widget-wrap elementor-element-populated\">\n\t\t\t\t\t\t<div class=\"elementor-element elementor-element-19914e9 elementor-widget elementor-widget-heading\" data-id=\"19914e9\" data-element_type=\"widget\" data-e-type=\"widget\" data-widget_type=\"heading.default\">\n\t\t\t\t<div class=\"elementor-widget-container\">\n\t\t\t\t\t<h2 class=\"elementor-heading-title elementor-size-default\">Politique de confidentialit\u00e9<\/h2>\t\t\t\t<\/div>\n\t\t\t\t<\/div>\n\t\t\t\t<div class=\"elementor-element elementor-element-7ed1a31 elementor-widget elementor-widget-heading\" data-id=\"7ed1a31\" data-element_type=\"widget\" data-e-type=\"widget\" data-widget_type=\"heading.default\">\n\t\t\t\t<div class=\"elementor-widget-container\">\n\t\t\t\t\t<p class=\"elementor-heading-title elementor-size-default\">Derni\u00e8re modification\u00a0: 5 avril 2021<\/p>\t\t\t\t<\/div>\n\t\t\t\t<\/div>\n\t\t\t\t\t<\/div>\n\t\t<\/div>\n\t\t\t\t\t<\/div>\n\t\t<\/section>\n\t\t\t\t<section class=\"elementor-section elementor-top-section elementor-element elementor-element-1b9c8cf elementor-section-boxed elementor-section-height-default elementor-section-height-default\" data-id=\"1b9c8cf\" data-element_type=\"section\" data-e-type=\"section\">\n\t\t\t\t\t\t<div class=\"elementor-container elementor-column-gap-default\">\n\t\t\t\t\t<div class=\"elementor-column elementor-col-100 elementor-top-column elementor-element elementor-element-2d111a9\" data-id=\"2d111a9\" data-element_type=\"column\" data-e-type=\"column\">\n\t\t\t<div class=\"elementor-widget-wrap elementor-element-populated\">\n\t\t\t\t\t\t<div class=\"elementor-element elementor-element-1406b24 elementor-widget elementor-widget-heading\" data-id=\"1406b24\" data-element_type=\"widget\" data-e-type=\"widget\" data-widget_type=\"heading.default\">\n\t\t\t\t<div class=\"elementor-widget-container\">\n\t\t\t\t\t<p class=\"elementor-heading-title elementor-size-default\">L&#039;adresse de notre site Web est : http:\/\/locumsnb.ca.<\/p>\t\t\t\t<\/div>\n\t\t\t\t<\/div>\n\t\t\t\t<div class=\"elementor-element elementor-element-07f70c7 elementor-widget elementor-widget-heading\" data-id=\"07f70c7\" data-element_type=\"widget\" data-e-type=\"widget\" data-widget_type=\"heading.default\">\n\t\t\t\t<div class=\"elementor-widget-container\">\n\t\t\t\t\t<h4 class=\"elementor-heading-title elementor-size-default\">Informations d&#039;identification personnelle<\/h4>\t\t\t\t<\/div>\n\t\t\t\t<\/div>\n\t\t\t\t<div class=\"elementor-element elementor-element-e89f528 elementor-widget elementor-widget-heading\" data-id=\"e89f528\" data-element_type=\"widget\" data-e-type=\"widget\" data-widget_type=\"heading.default\">\n\t\t\t\t<div class=\"elementor-widget-container\">\n\t\t\t\t\t<p class=\"elementor-heading-title elementor-size-default\">Pendant que vous visitez notre site, nous suivrons\u00a0:<\/p>\t\t\t\t<\/div>\n\t\t\t\t<\/div>\n\t\t\t\t<div class=\"elementor-element elementor-element-6cbd47d elementor-widget elementor-widget-heading\" data-id=\"6cbd47d\" data-element_type=\"widget\" data-e-type=\"widget\" data-widget_type=\"heading.default\">\n\t\t\t\t<div class=\"elementor-widget-container\">\n\t\t\t\t\t<p class=\"elementor-heading-title elementor-size-default\"><li>Produits que vous avez consult\u00e9s\u00a0: nous les utiliserons pour, par exemple, vous montrer les produits que vous avez r\u00e9cemment consult\u00e9s\n<li>Emplacement, adresse IP et type de navigateur\u00a0: nous les utiliserons \u00e0 des fins telles que l&#039;estimation des taxes et de l&#039;exp\u00e9dition\n<li>Adresse de livraison\u00a0: nous vous demanderons de la saisir afin que nous puissions, par exemple, estimer l&#039;exp\u00e9dition avant de passer une commande et vous envoyer la commande\u00a0!\n<p><p>Nous utiliserons \u00e9galement des cookies pour suivre le contenu du panier pendant que vous naviguez sur notre site. Lorsque vous achetez chez nous, nous vous demanderons de fournir des informations telles que votre nom, votre adresse de facturation, votre adresse de livraison, votre adresse e-mail, votre num\u00e9ro de t\u00e9l\u00e9phone, les d\u00e9tails de votre carte de cr\u00e9dit\/paiement et des informations facultatives sur votre compte comme votre nom d&#039;utilisateur et votre mot de passe. Nous utiliserons ces informations \u00e0 des fins telles que\u00a0:\n<li>Vous envoyer des informations sur votre compte et votre commande\n<li>R\u00e9pondre \u00e0 vos demandes, y compris les remboursements et les r\u00e9clamations\n<li>Traiter les paiements et pr\u00e9venir la fraude Configurer votre compte pour notre magasin\n<li>Respecter toutes les obligations l\u00e9gales que nous avons, telles que le calcul des taxes Am\u00e9liorer nos offres en magasin\n<li>Vous envoyer des messages marketing, si vous choisissez de les recevoir\n<p><p>Si vous cr\u00e9ez un compte, nous stockerons votre nom, adresse, e-mail et num\u00e9ro de t\u00e9l\u00e9phone, qui seront utilis\u00e9s pour remplir la caisse pour les commandes futures.\n\n<p>Nous stockons g\u00e9n\u00e9ralement les informations vous concernant aussi longtemps que nous en avons besoin aux fins pour lesquelles nous les collectons et les utilisons, et nous ne sommes pas l\u00e9galement tenus de continuer \u00e0 les conserver. Par exemple, nous conserverons les informations de commande pendant 10 ans \u00e0 des fins fiscales et comptables. Cela inclut votre nom, votre adresse e-mail et vos adresses de facturation et de livraison.\n\n<p>Nous stockerons \u00e9galement des commentaires ou des critiques, si vous choisissez de les laisser.<\/p>\t\t\t\t<\/div>\n\t\t\t\t<\/div>\n\t\t\t\t<div class=\"elementor-element elementor-element-cdae9cc elementor-widget elementor-widget-heading\" data-id=\"cdae9cc\" data-element_type=\"widget\" data-e-type=\"widget\" data-widget_type=\"heading.default\">\n\t\t\t\t<div class=\"elementor-widget-container\">\n\t\t\t\t\t<h4 class=\"elementor-heading-title elementor-size-default\">Contenu multim\u00e9dia\/int\u00e9gr\u00e9<\/h4>\t\t\t\t<\/div>\n\t\t\t\t<\/div>\n\t\t\t\t<div class=\"elementor-element elementor-element-8e3cc01 elementor-widget elementor-widget-heading\" data-id=\"8e3cc01\" data-element_type=\"widget\" data-e-type=\"widget\" data-widget_type=\"heading.default\">\n\t\t\t\t<div class=\"elementor-widget-container\">\n\t\t\t\t\t<p class=\"elementor-heading-title elementor-size-default\">Si vous t\u00e9l\u00e9chargez des images sur le site Web, vous devez \u00e9viter de t\u00e9l\u00e9charger des images avec des donn\u00e9es de localisation int\u00e9gr\u00e9es (EXIF GPS) incluses. <br><br>Les visiteurs du site Web peuvent t\u00e9l\u00e9charger et extraire toutes les donn\u00e9es de localisation des images sur le site Web. Les articles de ce site peuvent inclure des contenus int\u00e9gr\u00e9s (par exemple des vid\u00e9os, des images, des articles, etc.). Le contenu int\u00e9gr\u00e9 d&#039;autres sites Web se comporte exactement de la m\u00eame mani\u00e8re que si le visiteur avait visit\u00e9 l&#039;autre site Web. <br><br>Ces sites Web peuvent collecter des donn\u00e9es vous concernant, utiliser des cookies, int\u00e9grer un suivi tiers suppl\u00e9mentaire et surveiller votre interaction avec ce contenu int\u00e9gr\u00e9, y compris le suivi de votre interaction avec le contenu int\u00e9gr\u00e9 si vous avez un compte et \u00eates connect\u00e9 \u00e0 ce site Web.<\/p>\t\t\t\t<\/div>\n\t\t\t\t<\/div>\n\t\t\t\t<div class=\"elementor-element elementor-element-cf192c7 elementor-widget elementor-widget-heading\" data-id=\"cf192c7\" data-element_type=\"widget\" data-e-type=\"widget\" data-widget_type=\"heading.default\">\n\t\t\t\t<div class=\"elementor-widget-container\">\n\t\t\t\t\t<h4 class=\"elementor-heading-title elementor-size-default\">Cookies du navigateur Web<\/h4>\t\t\t\t<\/div>\n\t\t\t\t<\/div>\n\t\t\t\t<div class=\"elementor-element elementor-element-0bb186d elementor-widget elementor-widget-heading\" data-id=\"0bb186d\" data-element_type=\"widget\" data-e-type=\"widget\" data-widget_type=\"heading.default\">\n\t\t\t\t<div class=\"elementor-widget-container\">\n\t\t\t\t\t<p class=\"elementor-heading-title elementor-size-default\">Si vous laissez un commentaire sur notre site, vous pouvez choisir d&#039;enregistrer votre nom, votre adresse e-mail et votre site Web dans des cookies. Ceux-ci sont pour votre commodit\u00e9 afin que vous n&#039;ayez pas \u00e0 remplir \u00e0 nouveau vos coordonn\u00e9es lorsque vous laissez un autre commentaire. Ces cookies dureront un an. <br><br>Si vous visitez notre page de connexion, nous installerons un cookie temporaire pour d\u00e9terminer si votre navigateur accepte les cookies. Ce cookie ne contient aucune donn\u00e9e personnelle et est supprim\u00e9 lorsque vous fermez votre navigateur. Lors de votre connexion, nous mettrons \u00e9galement en place plusieurs cookies pour enregistrer vos informations de connexion et vos choix d&#039;affichage \u00e0 l&#039;\u00e9cran. Les cookies de connexion durent deux jours et les cookies d&#039;options d&#039;\u00e9cran durent un an. <br><br>Si vous s\u00e9lectionnez &quot;Se souvenir de moi&quot;, votre connexion persistera pendant deux semaines. Si vous vous d\u00e9connectez de votre compte, les cookies de connexion seront supprim\u00e9s. Si vous modifiez ou publiez un article, un cookie suppl\u00e9mentaire sera enregistr\u00e9 dans votre navigateur. Ce cookie ne contient aucune donn\u00e9e personnelle et indique simplement l&#039;identifiant de publication de l&#039;article que vous venez d&#039;\u00e9diter. Il expire apr\u00e8s 1 jour.<\/p>\t\t\t\t<\/div>\n\t\t\t\t<\/div>\n\t\t\t\t<div class=\"elementor-element elementor-element-70765d6 elementor-widget elementor-widget-heading\" data-id=\"70765d6\" data-element_type=\"widget\" data-e-type=\"widget\" data-widget_type=\"heading.default\">\n\t\t\t\t<div class=\"elementor-widget-container\">\n\t\t\t\t\t<h4 class=\"elementor-heading-title elementor-size-default\">Comment nous utilisons les informations collect\u00e9es<\/h4>\t\t\t\t<\/div>\n\t\t\t\t<\/div>\n\t\t\t\t<div class=\"elementor-element elementor-element-ae35f37 elementor-widget elementor-widget-heading\" data-id=\"ae35f37\" data-element_type=\"widget\" data-e-type=\"widget\" data-widget_type=\"heading.default\">\n\t\t\t\t<div class=\"elementor-widget-container\">\n\t\t\t\t\t<p class=\"elementor-heading-title elementor-size-default\">Les membres de notre \u00e9quipe ont acc\u00e8s aux informations que vous nous fournissez. Par exemple, les administrateurs peuvent acc\u00e9der\u00a0:\n<li>Informations sur la commande telles que ce qui a \u00e9t\u00e9 achet\u00e9, quand il a \u00e9t\u00e9 achet\u00e9 et o\u00f9 il doit \u00eatre envoy\u00e9, et\n<li>Informations client telles que votre nom, votre adresse e-mail et vos informations de facturation et d&#039;exp\u00e9dition. Les membres de notre \u00e9quipe ont acc\u00e8s \u00e0 ces informations pour traiter les commandes, traiter les remboursements et vous aider.\n\n\n<p><p>Les commentaires des visiteurs peuvent \u00eatre v\u00e9rifi\u00e9s par un service automatis\u00e9 de d\u00e9tection de spam.\n\n<\/p>\t\t\t\t<\/div>\n\t\t\t\t<\/div>\n\t\t\t\t<div class=\"elementor-element elementor-element-1a5faae elementor-widget elementor-widget-heading\" data-id=\"1a5faae\" data-element_type=\"widget\" data-e-type=\"widget\" data-widget_type=\"heading.default\">\n\t\t\t\t<div class=\"elementor-widget-container\">\n\t\t\t\t\t<h4 class=\"elementor-heading-title elementor-size-default\">Partage de vos informations personnelles<\/h4>\t\t\t\t<\/div>\n\t\t\t\t<\/div>\n\t\t\t\t<div class=\"elementor-element elementor-element-0cd73f6 elementor-widget elementor-widget-heading\" data-id=\"0cd73f6\" data-element_type=\"widget\" data-e-type=\"widget\" data-widget_type=\"heading.default\">\n\t\t\t\t<div class=\"elementor-widget-container\">\n\t\t\t\t\t<p class=\"elementor-heading-title elementor-size-default\">Nous partageons des informations avec des tiers qui nous aident \u00e0 vous fournir nos commandes et services de magasin\u00a0;<\/p>\t\t\t\t<\/div>\n\t\t\t\t<\/div>\n\t\t\t\t<div class=\"elementor-element elementor-element-00d50ac elementor-widget elementor-widget-heading\" data-id=\"00d50ac\" data-element_type=\"widget\" data-e-type=\"widget\" data-widget_type=\"heading.default\">\n\t\t\t\t<div class=\"elementor-widget-container\">\n\t\t\t\t\t<h4 class=\"elementor-heading-title elementor-size-default\">Sites Web tiers<\/h4>\t\t\t\t<\/div>\n\t\t\t\t<\/div>\n\t\t\t\t<div class=\"elementor-element elementor-element-1d3b80a elementor-widget elementor-widget-heading\" data-id=\"1d3b80a\" data-element_type=\"widget\" data-e-type=\"widget\" data-widget_type=\"heading.default\">\n\t\t\t\t<div class=\"elementor-widget-container\">\n\t\t\t\t\t<p class=\"elementor-heading-title elementor-size-default\">Nous acceptons les paiements via PayPal. Lors du traitement des paiements, certaines de vos donn\u00e9es seront transmises \u00e0 PayPal, y compris les informations requises pour traiter ou prendre en charge le paiement, telles que le total de l&#039;achat et les informations de facturation. Veuillez consulter la politique de confidentialit\u00e9 de PayPal pour plus de d\u00e9tails.<\/p>\t\t\t\t<\/div>\n\t\t\t\t<\/div>\n\t\t\t\t<div class=\"elementor-element elementor-element-cea4195 elementor-widget elementor-widget-heading\" data-id=\"cea4195\" data-element_type=\"widget\" data-e-type=\"widget\" data-widget_type=\"heading.default\">\n\t\t\t\t<div class=\"elementor-widget-container\">\n\t\t\t\t\t<h4 class=\"elementor-heading-title elementor-size-default\">Utilisation acceptable<\/h4>\t\t\t\t<\/div>\n\t\t\t\t<\/div>\n\t\t\t\t<div class=\"elementor-element elementor-element-2048429 elementor-widget elementor-widget-heading\" data-id=\"2048429\" data-element_type=\"widget\" data-e-type=\"widget\" data-widget_type=\"heading.default\">\n\t\t\t\t<div class=\"elementor-widget-container\">\n\t\t\t\t\t<p class=\"elementor-heading-title elementor-size-default\">Vous ne devez pas utiliser notre site Web d&#039;une mani\u00e8re qui cause ou pourrait causer des dommages au site Web ou une alt\u00e9ration de la disponibilit\u00e9 ou de l&#039;accessibilit\u00e9 du site Web\u00a0; ou d&#039;une mani\u00e8re ill\u00e9gale, ill\u00e9gale, frauduleuse ou pr\u00e9judiciable, ou en relation avec une fin ou une activit\u00e9 ill\u00e9gale, ill\u00e9gale, frauduleuse ou pr\u00e9judiciable. Vous ne devez pas utiliser notre site Web pour copier, stocker, h\u00e9berger, transmettre, envoyer, utiliser, publier ou distribuer tout mat\u00e9riel constitu\u00e9 de (ou li\u00e9 \u00e0) un logiciel espion, un virus informatique, un cheval de Troie, un ver, un enregistreur de frappe, un rootkit ou autre logiciel informatique malveillant. Vous ne devez mener aucune activit\u00e9 de collecte de donn\u00e9es syst\u00e9matique ou automatis\u00e9e (y compris, sans s&#039;y limiter, le grattage, l&#039;exploration de donn\u00e9es, l&#039;extraction de donn\u00e9es et la collecte de donn\u00e9es) sur ou en relation avec notre site Web sans notre consentement \u00e9crit expr\u00e8s. Vous ne devez pas utiliser notre site Web pour transmettre ou envoyer des communications commerciales non sollicit\u00e9es. Vous ne devez pas utiliser notre site Web \u00e0 des fins li\u00e9es au marketing sans notre consentement \u00e9crit expr\u00e8s.<\/p>\t\t\t\t<\/div>\n\t\t\t\t<\/div>\n\t\t\t\t<div class=\"elementor-element elementor-element-b02dff4 elementor-widget elementor-widget-heading\" data-id=\"b02dff4\" data-element_type=\"widget\" data-e-type=\"widget\" data-widget_type=\"heading.default\">\n\t\t\t\t<div class=\"elementor-widget-container\">\n\t\t\t\t\t<h4 class=\"elementor-heading-title elementor-size-default\">Acceptation de nos conditions<\/h4>\t\t\t\t<\/div>\n\t\t\t\t<\/div>\n\t\t\t\t<div class=\"elementor-element elementor-element-d3fb4f7 elementor-widget elementor-widget-heading\" data-id=\"d3fb4f7\" data-element_type=\"widget\" data-e-type=\"widget\" data-widget_type=\"heading.default\">\n\t\t\t\t<div class=\"elementor-widget-container\">\n\t\t\t\t\t<p class=\"elementor-heading-title elementor-size-default\">En utilisant notre site Web, vous acceptez ces termes et conditions dans leur int\u00e9gralit\u00e9. Si vous n&#039;\u00eates pas d&#039;accord avec ces termes et conditions ou une partie de ces termes et conditions, vous ne devez pas utiliser notre site Web. Si vous vous inscrivez sur notre site Web ou achetez un produit ou un service sur notre site Web, nous vous demanderons d&#039;accepter express\u00e9ment ces termes et conditions.<\/p>\t\t\t\t<\/div>\n\t\t\t\t<\/div>\n\t\t\t\t\t<\/div>\n\t\t<\/div>\n\t\t\t\t\t<\/div>\n\t\t<\/section>\n\t\t\t\t<\/div>","protected":false},"excerpt":{"rendered":"<p>Privacy Policy Last modified: April 5, 2021 Our website address is: http:\/\/locumsnb.ca. Personal identification information While you visit our site, we\u2019ll track: Products you\u2019ve viewed: we\u2019ll use this to, for example, show you products you\u2019ve recently viewed Location, IP address and browser type: we\u2019ll use this for purposes like estimating taxes and shipping Shipping address: [&hellip;]<\/p>\n","protected":false},"author":1,"featured_media":0,"parent":0,"menu_order":0,"comment_status":"closed","ping_status":"closed","template":"","meta":{"_coblocks_attr":"","_coblocks_dimensions":"","_coblocks_responsive_height":"","_coblocks_accordion_ie_support":"","footnotes":""},"class_list":["post-2972","page","type-page","status-publish","hentry"],"yoast_head":"<!-- This site is optimized with the Yoast SEO plugin v26.8 - https:\/\/yoast.com\/product\/yoast-seo-wordpress\/ -->\n<title>Privacy Policy - Locums NB<\/title>\n<meta name=\"robots\" content=\"index, follow, max-snippet:-1, max-image-preview:large, max-video-preview:-1\" \/>\n<link rel=\"canonical\" href=\"https:\/\/locumsnb.ca\/fr\/privacy-policy-3\/\" \/>\n<meta property=\"og:locale\" content=\"fr_CA\" \/>\n<meta property=\"og:type\" content=\"article\" \/>\n<meta property=\"og:title\" content=\"Privacy Policy - Locums NB\" \/>\n<meta property=\"og:description\" content=\"Privacy Policy Last modified: April 5, 2021 Our website address is: http:\/\/locumsnb.ca. Personal identification information While you visit our site, we\u2019ll track: Products you\u2019ve viewed: we\u2019ll use this to, for example, show you products you\u2019ve recently viewed Location, IP address and browser type: we\u2019ll use this for purposes like estimating taxes and shipping Shipping address: [&hellip;]\" \/>\n<meta property=\"og:url\" content=\"https:\/\/locumsnb.ca\/fr\/privacy-policy-3\/\" \/>\n<meta property=\"og:site_name\" content=\"Locums NB\" \/>\n<meta property=\"article:modified_time\" content=\"2021-04-22T21:28:15+00:00\" \/>\n<meta name=\"twitter:card\" content=\"summary_large_image\" \/>\n<meta name=\"twitter:label1\" content=\"Estimation du temps de lecture\" \/>\n\t<meta name=\"twitter:data1\" content=\"5 minutes\" \/>\n<script type=\"application\/ld+json\" class=\"yoast-schema-graph\">{\"@context\":\"https:\/\/schema.org\",\"@graph\":[{\"@type\":\"BreadcrumbList\",\"@id\":\"https:\/\/locumsnb.ca\/privacy-policy-3\/#breadcrumb\",\"itemListElement\":[{\"@type\":\"ListItem\",\"position\":1,\"name\":\"Home\",\"item\":\"https:\/\/locumsnb.ca\/\"},{\"@type\":\"ListItem\",\"position\":2,\"name\":\"Privacy Policy\"}]},{\"@type\":\"WebSite\",\"@id\":\"https:\/\/locumsnb.ca\/#website\",\"url\":\"https:\/\/locumsnb.ca\/\",\"name\":\"Locums NB\",\"description\":\"New Brunswick Locum Opportunities\",\"publisher\":{\"@id\":\"https:\/\/locumsnb.ca\/#organization\"},\"potentialAction\":[{\"@type\":\"SearchAction\",\"target\":{\"@type\":\"EntryPoint\",\"urlTemplate\":\"https:\/\/locumsnb.ca\/?s={search_term_string}\"},\"query-input\":{\"@type\":\"PropertyValueSpecification\",\"valueRequired\":true,\"valueName\":\"search_term_string\"}}],\"inLanguage\":\"fr-CA\"},{\"@type\":\"Organization\",\"@id\":\"https:\/\/locumsnb.ca\/#organization\",\"name\":\"locumsNB\",\"url\":\"https:\/\/locumsnb.ca\/\",\"logo\":{\"@type\":\"ImageObject\",\"inLanguage\":\"fr-CA\",\"@id\":\"https:\/\/locumsnb.ca\/#\/schema\/logo\/image\/\",\"url\":\"http:\/\/locumsnb.ca\/wp-content\/uploads\/2021\/05\/locumsnb_logo.jpg\",\"contentUrl\":\"http:\/\/locumsnb.ca\/wp-content\/uploads\/2021\/05\/locumsnb_logo.jpg\",\"width\":461,\"height\":88,\"caption\":\"locumsNB\"},\"image\":{\"@id\":\"https:\/\/locumsnb.ca\/#\/schema\/logo\/image\/\"}}]}<\/script>\n<!-- \/ Yoast SEO plugin. -->","yoast_head_json":{"title":"Privacy Policy - Locums NB","robots":{"index":"index","follow":"follow","max-snippet":"max-snippet:-1","max-image-preview":"max-image-preview:large","max-video-preview":"max-video-preview:-1"},"canonical":"https:\/\/locumsnb.ca\/fr\/privacy-policy-3\/","og_locale":"fr_CA","og_type":"article","og_title":"Privacy Policy - Locums NB","og_description":"Privacy Policy Last modified: April 5, 2021 Our website address is: http:\/\/locumsnb.ca. Personal identification information While you visit our site, we\u2019ll track: Products you\u2019ve viewed: we\u2019ll use this to, for example, show you products you\u2019ve recently viewed Location, IP address and browser type: we\u2019ll use this for purposes like estimating taxes and shipping Shipping address: [&hellip;]","og_url":"https:\/\/locumsnb.ca\/fr\/privacy-policy-3\/","og_site_name":"Locums NB","article_modified_time":"2021-04-22T21:28:15+00:00","twitter_card":"summary_large_image","twitter_misc":{"Estimation du temps de lecture":"5 minutes"},"schema":{"@context":"https:\/\/schema.org","@graph":[{"@type":"BreadcrumbList","@id":"https:\/\/locumsnb.ca\/privacy-policy-3\/#breadcrumb","itemListElement":[{"@type":"ListItem","position":1,"name":"Home","item":"https:\/\/locumsnb.ca\/"},{"@type":"ListItem","position":2,"name":"Privacy Policy"}]},{"@type":"WebSite","@id":"https:\/\/locumsnb.ca\/#website","url":"https:\/\/locumsnb.ca\/","name":"Locums NB","description":"Opportunit\u00e9s de suppl\u00e9ance au Nouveau-Brunswick","publisher":{"@id":"https:\/\/locumsnb.ca\/#organization"},"potentialAction":[{"@type":"SearchAction","target":{"@type":"EntryPoint","urlTemplate":"https:\/\/locumsnb.ca\/?s={search_term_string}"},"query-input":{"@type":"PropertyValueSpecification","valueRequired":true,"valueName":"search_term_string"}}],"inLanguage":"fr-CA"},{"@type":"Organization","@id":"https:\/\/locumsnb.ca\/#organization","name":"rempla\u00e7antsNB","url":"https:\/\/locumsnb.ca\/","logo":{"@type":"ImageObject","inLanguage":"fr-CA","@id":"https:\/\/locumsnb.ca\/#\/schema\/logo\/image\/","url":"http:\/\/locumsnb.ca\/wp-content\/uploads\/2021\/05\/locumsnb_logo.jpg","contentUrl":"http:\/\/locumsnb.ca\/wp-content\/uploads\/2021\/05\/locumsnb_logo.jpg","width":461,"height":88,"caption":"locumsNB"},"image":{"@id":"https:\/\/locumsnb.ca\/#\/schema\/logo\/image\/"}}]}},"_links":{"self":[{"href":"https:\/\/locumsnb.ca\/fr\/wp-json\/wp\/v2\/pages\/2972","targetHints":{"allow":["GET"]}}],"collection":[{"href":"https:\/\/locumsnb.ca\/fr\/wp-json\/wp\/v2\/pages"}],"about":[{"href":"https:\/\/locumsnb.ca\/fr\/wp-json\/wp\/v2\/types\/page"}],"author":[{"embeddable":true,"href":"https:\/\/locumsnb.ca\/fr\/wp-json\/wp\/v2\/users\/1"}],"replies":[{"embeddable":true,"href":"https:\/\/locumsnb.ca\/fr\/wp-json\/wp\/v2\/comments?post=2972"}],"version-history":[{"count":6,"href":"https:\/\/locumsnb.ca\/fr\/wp-json\/wp\/v2\/pages\/2972\/revisions"}],"predecessor-version":[{"id":4717,"href":"https:\/\/locumsnb.ca\/fr\/wp-json\/wp\/v2\/pages\/2972\/revisions\/4717"}],"wp:attachment":[{"href":"https:\/\/locumsnb.ca\/fr\/wp-json\/wp\/v2\/media?parent=2972"}],"curies":[{"name":"wp","href":"https:\/\/api.w.org\/{rel}","templated":true}]}}