{"id":3102,"date":"2020-05-10T13:28:13","date_gmt":"2020-05-10T17:28:13","guid":{"rendered":"https:\/\/cariera.co\/new\/?page_id=3102"},"modified":"2021-04-22T17:28:25","modified_gmt":"2021-04-22T21:28:25","slug":"terms-conditions","status":"publish","type":"page","link":"https:\/\/locumsnb.ca\/fr\/terms-conditions\/","title":{"rendered":"termes et conditions"},"content":{"rendered":"<div data-elementor-type=\"wp-page\" data-elementor-id=\"3102\" class=\"elementor elementor-3102\">\n\t\t\t\t\t\t<section class=\"elementor-section elementor-top-section elementor-element elementor-element-20510a0 elementor-section-boxed elementor-section-height-default elementor-section-height-default\" data-id=\"20510a0\" data-element_type=\"section\" data-e-type=\"section\" data-settings=\"{&quot;background_background&quot;:&quot;gradient&quot;}\">\n\t\t\t\t\t\t<div class=\"elementor-container elementor-column-gap-default\">\n\t\t\t\t\t<div class=\"elementor-column elementor-col-100 elementor-top-column elementor-element elementor-element-34e076d\" data-id=\"34e076d\" data-element_type=\"column\" data-e-type=\"column\">\n\t\t\t<div class=\"elementor-widget-wrap elementor-element-populated\">\n\t\t\t\t\t\t<div class=\"elementor-element elementor-element-ea5675f elementor-widget elementor-widget-heading\" data-id=\"ea5675f\" data-element_type=\"widget\" data-e-type=\"widget\" data-widget_type=\"heading.default\">\n\t\t\t\t<div class=\"elementor-widget-container\">\n\t\t\t\t\t<h2 class=\"elementor-heading-title elementor-size-default\">Termes et conditions de Locums NB<\/h2>\t\t\t\t<\/div>\n\t\t\t\t<\/div>\n\t\t\t\t<div class=\"elementor-element elementor-element-6e38896 elementor-widget elementor-widget-heading\" data-id=\"6e38896\" data-element_type=\"widget\" data-e-type=\"widget\" data-widget_type=\"heading.default\">\n\t\t\t\t<div class=\"elementor-widget-container\">\n\t\t\t\t\t<p class=\"elementor-heading-title elementor-size-default\">Derni\u00e8re modification\u00a0: 5 avril 2021<\/p>\t\t\t\t<\/div>\n\t\t\t\t<\/div>\n\t\t\t\t\t<\/div>\n\t\t<\/div>\n\t\t\t\t\t<\/div>\n\t\t<\/section>\n\t\t\t\t<section class=\"elementor-section elementor-top-section elementor-element elementor-element-17bc049 elementor-section-boxed elementor-section-height-default elementor-section-height-default\" data-id=\"17bc049\" data-element_type=\"section\" data-e-type=\"section\">\n\t\t\t\t\t\t<div class=\"elementor-container elementor-column-gap-default\">\n\t\t\t\t\t<div class=\"elementor-column elementor-col-100 elementor-top-column elementor-element elementor-element-3456821\" data-id=\"3456821\" data-element_type=\"column\" data-e-type=\"column\">\n\t\t\t<div class=\"elementor-widget-wrap elementor-element-populated\">\n\t\t\t\t\t\t<div class=\"elementor-element elementor-element-e6f6b58 elementor-widget elementor-widget-heading\" data-id=\"e6f6b58\" data-element_type=\"widget\" data-e-type=\"widget\" data-widget_type=\"heading.default\">\n\t\t\t\t<div class=\"elementor-widget-container\">\n\t\t\t\t\t<p class=\"elementor-heading-title elementor-size-default\"><h2 style=\"letter-spacing: normal\"><span style=\"font-size: 16px;letter-spacing: 0px\">L&#039;adresse de notre site Web est : http:\/\/locumsnb.ca.<\/span><\/h2><\/p>\t\t\t\t<\/div>\n\t\t\t\t<\/div>\n\t\t\t\t<div class=\"elementor-element elementor-element-cd557a3 elementor-widget elementor-widget-heading\" data-id=\"cd557a3\" data-element_type=\"widget\" data-e-type=\"widget\" data-widget_type=\"heading.default\">\n\t\t\t\t<div class=\"elementor-widget-container\">\n\t\t\t\t\t<h4 class=\"elementor-heading-title elementor-size-default\">D\u00e9tails de l&#039;employeur<\/h4>\t\t\t\t<\/div>\n\t\t\t\t<\/div>\n\t\t\t\t<div class=\"elementor-element elementor-element-5134e6f elementor-widget elementor-widget-heading\" data-id=\"5134e6f\" data-element_type=\"widget\" data-e-type=\"widget\" data-widget_type=\"heading.default\">\n\t\t\t\t<div class=\"elementor-widget-container\">\n\t\t\t\t\t<p class=\"elementor-heading-title elementor-size-default\">Les d\u00e9tails de la soci\u00e9t\u00e9 sont r\u00e9pertori\u00e9s et fournis &quot;tels quels&quot; sans garantie d&#039;aucune sorte, expresse ou implicite. Locums NB ne peut garantir l&#039;exactitude, l&#039;exhaustivit\u00e9 ou l&#039;ad\u00e9quation de ces informations \u00e0 une fin particuli\u00e8re.<\/p>\t\t\t\t<\/div>\n\t\t\t\t<\/div>\n\t\t\t\t<div class=\"elementor-element elementor-element-791badc elementor-widget elementor-widget-heading\" data-id=\"791badc\" data-element_type=\"widget\" data-e-type=\"widget\" data-widget_type=\"heading.default\">\n\t\t\t\t<div class=\"elementor-widget-container\">\n\t\t\t\t\t<h4 class=\"elementor-heading-title elementor-size-default\">Chercheur d&#039;emploi<\/h4>\t\t\t\t<\/div>\n\t\t\t\t<\/div>\n\t\t\t\t<div class=\"elementor-element elementor-element-6a8f648 elementor-widget elementor-widget-heading\" data-id=\"6a8f648\" data-element_type=\"widget\" data-e-type=\"widget\" data-widget_type=\"heading.default\">\n\t\t\t\t<div class=\"elementor-widget-container\">\n\t\t\t\t\t<p class=\"elementor-heading-title elementor-size-default\">Les opportunit\u00e9s de suppl\u00e9ance sont r\u00e9pertori\u00e9es et fournies &quot;telles quelles&quot; sans garantie d&#039;aucune sorte, expresse ou implicite. Locums NB ne peut garantir l&#039;exactitude, l&#039;exhaustivit\u00e9 ou l&#039;ad\u00e9quation de ces informations \u00e0 une fin particuli\u00e8re.<\/p>\t\t\t\t<\/div>\n\t\t\t\t<\/div>\n\t\t\t\t<div class=\"elementor-element elementor-element-b16b0f4 elementor-widget elementor-widget-heading\" data-id=\"b16b0f4\" data-element_type=\"widget\" data-e-type=\"widget\" data-widget_type=\"heading.default\">\n\t\t\t\t<div class=\"elementor-widget-container\">\n\t\t\t\t\t<h4 class=\"elementor-heading-title elementor-size-default\">R\u00e8gles g\u00e9n\u00e9rales d&#039;utilisation<\/h4>\t\t\t\t<\/div>\n\t\t\t\t<\/div>\n\t\t\t\t<div class=\"elementor-element elementor-element-c8f1d42 elementor-widget elementor-widget-heading\" data-id=\"c8f1d42\" data-element_type=\"widget\" data-e-type=\"widget\" data-widget_type=\"heading.default\">\n\t\t\t\t<div class=\"elementor-widget-container\">\n\t\t\t\t\t<p class=\"elementor-heading-title elementor-size-default\">Ce site Web et toutes les informations qu&#039;il contient sont fournis &quot;tels quels&quot; sans garantie d&#039;aucune sorte, expresse ou implicite. Locums NB ne peut garantir l&#039;exactitude, l&#039;exhaustivit\u00e9 ou l&#039;ad\u00e9quation de ces informations \u00e0 une fin particuli\u00e8re.<\/p>\t\t\t\t<\/div>\n\t\t\t\t<\/div>\n\t\t\t\t<div class=\"elementor-element elementor-element-97e727d elementor-widget elementor-widget-heading\" data-id=\"97e727d\" data-element_type=\"widget\" data-e-type=\"widget\" data-widget_type=\"heading.default\">\n\t\t\t\t<div class=\"elementor-widget-container\">\n\t\t\t\t\t<h4 class=\"elementor-heading-title elementor-size-default\">Protection de la vie priv\u00e9e et des droits d&#039;auteur<\/h4>\t\t\t\t<\/div>\n\t\t\t\t<\/div>\n\t\t\t\t<div class=\"elementor-element elementor-element-bc54bfc elementor-widget elementor-widget-heading\" data-id=\"bc54bfc\" data-element_type=\"widget\" data-e-type=\"widget\" data-widget_type=\"heading.default\">\n\t\t\t\t<div class=\"elementor-widget-container\">\n\t\t\t\t\t<p class=\"elementor-heading-title elementor-size-default\">Cette information est fournie \u00e0 titre de service public par Locums NB. Les informations sur ce site sont prot\u00e9g\u00e9es par le droit d&#039;auteur et tous les droits sont r\u00e9serv\u00e9s. En visitant ce site Web, vous acceptez tous les termes et conditions d\u00e9crits ci-dessous. Si vous n&#039;acceptez pas ces termes et conditions, veuillez quitter ce site Web.<\/p>\t\t\t\t<\/div>\n\t\t\t\t<\/div>\n\t\t\t\t<div class=\"elementor-element elementor-element-5d4fc2e elementor-widget elementor-widget-heading\" data-id=\"5d4fc2e\" data-element_type=\"widget\" data-e-type=\"widget\" data-widget_type=\"heading.default\">\n\t\t\t\t<div class=\"elementor-widget-container\">\n\t\t\t\t\t<h4 class=\"elementor-heading-title elementor-size-default\">Avertissement l\u00e9gal<\/h4>\t\t\t\t<\/div>\n\t\t\t\t<\/div>\n\t\t\t\t<div class=\"elementor-element elementor-element-6bf5b51 elementor-widget elementor-widget-heading\" data-id=\"6bf5b51\" data-element_type=\"widget\" data-e-type=\"widget\" data-widget_type=\"heading.default\">\n\t\t\t\t<div class=\"elementor-widget-container\">\n\t\t\t\t\t<p class=\"elementor-heading-title elementor-size-default\">Toutes les garanties implicites, y compris, sans s&#039;y limiter, les garanties implicites de qualit\u00e9 marchande, d&#039;ad\u00e9quation \u00e0 un usage particulier et de non-contrefa\u00e7on, sont express\u00e9ment exclues par la pr\u00e9sente. De plus, le contenu de ce site est susceptible d&#039;\u00eatre modifi\u00e9. Bien que Locums NB s&#039;engage \u00e0 mettre \u00e0 jour les informations sur son site Web, nous ne pouvons garantir qu&#039;elles sont \u00e0 jour lorsque vous y acc\u00e9dez.<\/p>\t\t\t\t<\/div>\n\t\t\t\t<\/div>\n\t\t\t\t<div class=\"elementor-element elementor-element-175b424 elementor-widget elementor-widget-heading\" data-id=\"175b424\" data-element_type=\"widget\" data-e-type=\"widget\" data-widget_type=\"heading.default\">\n\t\t\t\t<div class=\"elementor-widget-container\">\n\t\t\t\t\t<h4 class=\"elementor-heading-title elementor-size-default\">S\u00e9curit\u00e9<\/h4>\t\t\t\t<\/div>\n\t\t\t\t<\/div>\n\t\t\t\t<div class=\"elementor-element elementor-element-6347f63 elementor-widget elementor-widget-heading\" data-id=\"6347f63\" data-element_type=\"widget\" data-e-type=\"widget\" data-widget_type=\"heading.default\">\n\t\t\t\t<div class=\"elementor-widget-container\">\n\t\t\t\t\t<p class=\"elementor-heading-title elementor-size-default\">Notre site Web suit les meilleures pratiques, y compris le cryptage SSL, pour s\u00e9curiser les interactions et les transferts d&#039;informations.  <\/p>\t\t\t\t<\/div>\n\t\t\t\t<\/div>\n\t\t\t\t<div class=\"elementor-element elementor-element-91d67bc elementor-widget elementor-widget-heading\" data-id=\"91d67bc\" data-element_type=\"widget\" data-e-type=\"widget\" data-widget_type=\"heading.default\">\n\t\t\t\t<div class=\"elementor-widget-container\">\n\t\t\t\t\t<h4 class=\"elementor-heading-title elementor-size-default\">Acceptation de nos conditions<\/h4>\t\t\t\t<\/div>\n\t\t\t\t<\/div>\n\t\t\t\t<div class=\"elementor-element elementor-element-5672574 elementor-widget elementor-widget-heading\" data-id=\"5672574\" data-element_type=\"widget\" data-e-type=\"widget\" data-widget_type=\"heading.default\">\n\t\t\t\t<div class=\"elementor-widget-container\">\n\t\t\t\t\t<p class=\"elementor-heading-title elementor-size-default\">En aucun cas, Locums NB ne sera responsable envers toute personne ou entit\u00e9 commerciale pour tout dommage direct, indirect, sp\u00e9cial, accessoire, cons\u00e9cutif ou autre bas\u00e9 sur l&#039;utilisation de ce site Web ou de tout autre site Web auquel ce site est li\u00e9, y compris, sans limitation, toute perte de profits, interruption d&#039;activit\u00e9 ou perte de programmes ou d&#039;informations, m\u00eame si Locums NB a \u00e9t\u00e9 sp\u00e9cifiquement avis\u00e9 de la possibilit\u00e9 de tels dommages.<\/p>\t\t\t\t<\/div>\n\t\t\t\t<\/div>\n\t\t\t\t\t<\/div>\n\t\t<\/div>\n\t\t\t\t\t<\/div>\n\t\t<\/section>\n\t\t\t\t<\/div>","protected":false},"excerpt":{"rendered":"<p>Locums NB Terms &amp; Conditions Last modified: April 5, 2021 Our website address is: http:\/\/locumsnb.ca. Employer Details Company details are listed and provided &#8220;as is&#8221; without warranty of any kind, whether express or implied. Locums NB cannot warrant or guarantee the accuracy, completeness or fitness of this information for any particular purpose. Job Seeker Locum [&hellip;]<\/p>\n","protected":false},"author":1,"featured_media":0,"parent":0,"menu_order":0,"comment_status":"closed","ping_status":"closed","template":"","meta":{"_coblocks_attr":"","_coblocks_dimensions":"","_coblocks_responsive_height":"","_coblocks_accordion_ie_support":"","footnotes":""},"class_list":["post-3102","page","type-page","status-publish","hentry"],"yoast_head":"<!-- This site is optimized with the Yoast SEO plugin v26.8 - https:\/\/yoast.com\/product\/yoast-seo-wordpress\/ -->\n<title>Terms &amp; Conditions - Locums NB<\/title>\n<meta name=\"robots\" content=\"index, follow, max-snippet:-1, max-image-preview:large, max-video-preview:-1\" \/>\n<link rel=\"canonical\" href=\"https:\/\/locumsnb.ca\/fr\/terms-conditions\/\" \/>\n<meta property=\"og:locale\" content=\"fr_CA\" \/>\n<meta property=\"og:type\" content=\"article\" \/>\n<meta property=\"og:title\" content=\"Terms &amp; Conditions - Locums NB\" \/>\n<meta property=\"og:description\" content=\"Locums NB Terms &amp; Conditions Last modified: April 5, 2021 Our website address is: http:\/\/locumsnb.ca. Employer Details Company details are listed and provided &#8220;as is&#8221; without warranty of any kind, whether express or implied. Locums NB cannot warrant or guarantee the accuracy, completeness or fitness of this information for any particular purpose. Job Seeker Locum [&hellip;]\" \/>\n<meta property=\"og:url\" content=\"https:\/\/locumsnb.ca\/fr\/terms-conditions\/\" \/>\n<meta property=\"og:site_name\" content=\"Locums NB\" \/>\n<meta property=\"article:modified_time\" content=\"2021-04-22T21:28:25+00:00\" \/>\n<meta name=\"twitter:card\" content=\"summary_large_image\" \/>\n<meta name=\"twitter:label1\" content=\"Estimation du temps de lecture\" \/>\n\t<meta name=\"twitter:data1\" content=\"2 minutes\" \/>\n<script type=\"application\/ld+json\" class=\"yoast-schema-graph\">{\"@context\":\"https:\/\/schema.org\",\"@graph\":[{\"@type\":\"BreadcrumbList\",\"@id\":\"https:\/\/locumsnb.ca\/terms-conditions\/#breadcrumb\",\"itemListElement\":[{\"@type\":\"ListItem\",\"position\":1,\"name\":\"Home\",\"item\":\"https:\/\/locumsnb.ca\/\"},{\"@type\":\"ListItem\",\"position\":2,\"name\":\"Terms &#038; Conditions\"}]},{\"@type\":\"WebSite\",\"@id\":\"https:\/\/locumsnb.ca\/#website\",\"url\":\"https:\/\/locumsnb.ca\/\",\"name\":\"Locums NB\",\"description\":\"New Brunswick Locum Opportunities\",\"publisher\":{\"@id\":\"https:\/\/locumsnb.ca\/#organization\"},\"potentialAction\":[{\"@type\":\"SearchAction\",\"target\":{\"@type\":\"EntryPoint\",\"urlTemplate\":\"https:\/\/locumsnb.ca\/?s={search_term_string}\"},\"query-input\":{\"@type\":\"PropertyValueSpecification\",\"valueRequired\":true,\"valueName\":\"search_term_string\"}}],\"inLanguage\":\"fr-CA\"},{\"@type\":\"Organization\",\"@id\":\"https:\/\/locumsnb.ca\/#organization\",\"name\":\"locumsNB\",\"url\":\"https:\/\/locumsnb.ca\/\",\"logo\":{\"@type\":\"ImageObject\",\"inLanguage\":\"fr-CA\",\"@id\":\"https:\/\/locumsnb.ca\/#\/schema\/logo\/image\/\",\"url\":\"http:\/\/locumsnb.ca\/wp-content\/uploads\/2021\/05\/locumsnb_logo.jpg\",\"contentUrl\":\"http:\/\/locumsnb.ca\/wp-content\/uploads\/2021\/05\/locumsnb_logo.jpg\",\"width\":461,\"height\":88,\"caption\":\"locumsNB\"},\"image\":{\"@id\":\"https:\/\/locumsnb.ca\/#\/schema\/logo\/image\/\"}}]}<\/script>\n<!-- \/ Yoast SEO plugin. -->","yoast_head_json":{"title":"Terms & Conditions - Locums NB","robots":{"index":"index","follow":"follow","max-snippet":"max-snippet:-1","max-image-preview":"max-image-preview:large","max-video-preview":"max-video-preview:-1"},"canonical":"https:\/\/locumsnb.ca\/fr\/terms-conditions\/","og_locale":"fr_CA","og_type":"article","og_title":"Terms & Conditions - Locums NB","og_description":"Locums NB Terms &amp; Conditions Last modified: April 5, 2021 Our website address is: http:\/\/locumsnb.ca. Employer Details Company details are listed and provided &#8220;as is&#8221; without warranty of any kind, whether express or implied. Locums NB cannot warrant or guarantee the accuracy, completeness or fitness of this information for any particular purpose. Job Seeker Locum [&hellip;]","og_url":"https:\/\/locumsnb.ca\/fr\/terms-conditions\/","og_site_name":"Locums NB","article_modified_time":"2021-04-22T21:28:25+00:00","twitter_card":"summary_large_image","twitter_misc":{"Estimation du temps de lecture":"2 minutes"},"schema":{"@context":"https:\/\/schema.org","@graph":[{"@type":"BreadcrumbList","@id":"https:\/\/locumsnb.ca\/terms-conditions\/#breadcrumb","itemListElement":[{"@type":"ListItem","position":1,"name":"Home","item":"https:\/\/locumsnb.ca\/"},{"@type":"ListItem","position":2,"name":"Terms &#038; Conditions"}]},{"@type":"WebSite","@id":"https:\/\/locumsnb.ca\/#website","url":"https:\/\/locumsnb.ca\/","name":"Locums NB","description":"Opportunit\u00e9s de suppl\u00e9ance au Nouveau-Brunswick","publisher":{"@id":"https:\/\/locumsnb.ca\/#organization"},"potentialAction":[{"@type":"SearchAction","target":{"@type":"EntryPoint","urlTemplate":"https:\/\/locumsnb.ca\/?s={search_term_string}"},"query-input":{"@type":"PropertyValueSpecification","valueRequired":true,"valueName":"search_term_string"}}],"inLanguage":"fr-CA"},{"@type":"Organization","@id":"https:\/\/locumsnb.ca\/#organization","name":"rempla\u00e7antsNB","url":"https:\/\/locumsnb.ca\/","logo":{"@type":"ImageObject","inLanguage":"fr-CA","@id":"https:\/\/locumsnb.ca\/#\/schema\/logo\/image\/","url":"http:\/\/locumsnb.ca\/wp-content\/uploads\/2021\/05\/locumsnb_logo.jpg","contentUrl":"http:\/\/locumsnb.ca\/wp-content\/uploads\/2021\/05\/locumsnb_logo.jpg","width":461,"height":88,"caption":"locumsNB"},"image":{"@id":"https:\/\/locumsnb.ca\/#\/schema\/logo\/image\/"}}]}},"_links":{"self":[{"href":"https:\/\/locumsnb.ca\/fr\/wp-json\/wp\/v2\/pages\/3102","targetHints":{"allow":["GET"]}}],"collection":[{"href":"https:\/\/locumsnb.ca\/fr\/wp-json\/wp\/v2\/pages"}],"about":[{"href":"https:\/\/locumsnb.ca\/fr\/wp-json\/wp\/v2\/types\/page"}],"author":[{"embeddable":true,"href":"https:\/\/locumsnb.ca\/fr\/wp-json\/wp\/v2\/users\/1"}],"replies":[{"embeddable":true,"href":"https:\/\/locumsnb.ca\/fr\/wp-json\/wp\/v2\/comments?post=3102"}],"version-history":[{"count":6,"href":"https:\/\/locumsnb.ca\/fr\/wp-json\/wp\/v2\/pages\/3102\/revisions"}],"predecessor-version":[{"id":4714,"href":"https:\/\/locumsnb.ca\/fr\/wp-json\/wp\/v2\/pages\/3102\/revisions\/4714"}],"wp:attachment":[{"href":"https:\/\/locumsnb.ca\/fr\/wp-json\/wp\/v2\/media?parent=3102"}],"curies":[{"name":"wp","href":"https:\/\/api.w.org\/{rel}","templated":true}]}}