{"id":4797,"date":"2021-04-30T10:21:27","date_gmt":"2021-04-30T14:21:27","guid":{"rendered":"http:\/\/locumsnb.ca\/?page_id=4797"},"modified":"2021-04-30T10:52:19","modified_gmt":"2021-04-30T14:52:19","slug":"how-it-works","status":"publish","type":"page","link":"https:\/\/locumsnb.ca\/fr\/how-it-works\/","title":{"rendered":"Comment \u00e7a fonctionne"},"content":{"rendered":"<div data-elementor-type=\"wp-page\" data-elementor-id=\"4797\" class=\"elementor elementor-4797\">\n\t\t\t\t\t\t<section class=\"elementor-section elementor-top-section elementor-element elementor-element-7537b89 elementor-section-boxed elementor-section-height-default elementor-section-height-default\" data-id=\"7537b89\" data-element_type=\"section\" data-e-type=\"section\">\n\t\t\t\t\t\t<div class=\"elementor-container elementor-column-gap-default\">\n\t\t\t\t\t<div class=\"elementor-column elementor-col-100 elementor-top-column elementor-element elementor-element-1f39200\" data-id=\"1f39200\" data-element_type=\"column\" data-e-type=\"column\">\n\t\t\t<div class=\"elementor-widget-wrap elementor-element-populated\">\n\t\t\t\t\t\t<div class=\"elementor-element elementor-element-a10326e elementor-widget elementor-widget-heading\" data-id=\"a10326e\" data-element_type=\"widget\" data-e-type=\"widget\" data-widget_type=\"heading.default\">\n\t\t\t\t<div class=\"elementor-widget-container\">\n\t\t\t\t\t<h2 class=\"elementor-heading-title elementor-size-default\">Publier un Locum<\/h2>\t\t\t\t<\/div>\n\t\t\t\t<\/div>\n\t\t\t\t\t<\/div>\n\t\t<\/div>\n\t\t\t\t\t<\/div>\n\t\t<\/section>\n\t\t\t\t<section class=\"elementor-section elementor-top-section elementor-element elementor-element-7f90c38 elementor-section-boxed elementor-section-height-default elementor-section-height-default\" data-id=\"7f90c38\" data-element_type=\"section\" data-e-type=\"section\">\n\t\t\t\t\t\t<div class=\"elementor-container elementor-column-gap-default\">\n\t\t\t\t\t<div class=\"elementor-column elementor-col-100 elementor-top-column elementor-element elementor-element-644f6ea\" data-id=\"644f6ea\" data-element_type=\"column\" data-e-type=\"column\">\n\t\t\t<div class=\"elementor-widget-wrap elementor-element-populated\">\n\t\t\t\t\t\t<div class=\"elementor-element elementor-element-286e43d elementor-widget elementor-widget-text-editor\" data-id=\"286e43d\" data-element_type=\"widget\" data-e-type=\"widget\" data-widget_type=\"text-editor.default\">\n\t\t\t\t<div class=\"elementor-widget-container\">\n\t\t\t\t\t\t\t\t\t<p>Si vous souhaitez publier une opportunit\u00e9 de remplacement, suivez ces instructions simples:<\/p><ol><li>cliquez sur le bouton \u00abpublier un emploi\u00bb en haut \u00e0 droite de la page<\/li><li>s\u00e9lectionnez une option de forfait qui r\u00e9pond \u00e0 vos besoins<\/li><li>Si vous n&#039;\u00eates pas d\u00e9j\u00e0 connect\u00e9, vous devrez vous connecter ou cr\u00e9er un nouveau compte<\/li><li>remplissez les d\u00e9tails requis pour votre poste de suppl\u00e9ant. Si vous n&#039;avez pas encore d\u00e9fini d&#039;entreprise, il vous sera demand\u00e9 ces d\u00e9tails dans un puits.<\/li><\/ol><p><b>\u00a0<\/b><\/p><p><b>REMARQUE<\/b>: tous les d\u00e9tails affich\u00e9s peuvent \u00eatre accessibles au public. Si vous ne souhaitez pas afficher de num\u00e9ro de t\u00e9l\u00e9phone ou d&#039;adresse e-mail, utilisez un num\u00e9ro g\u00e9n\u00e9rique ou une adresse e-mail.\u00a0<\/p><p>Une fois que vous \u00eates satisfait des d\u00e9tails de la suppl\u00e9ance, soumettez vos coordonn\u00e9es.<\/p><p>Vos informations et d\u00e9tails seront examin\u00e9s avant d&#039;appara\u00eetre sur le site. Cela peut prendre jusqu&#039;\u00e0 24 heures.<\/p><p>Vous pouvez modifier vos informations apr\u00e8s avoir soumis \u00e0 tout moment. Gardez \u00e0 l&#039;esprit que vos modifications devront \u00e9galement \u00eatre autoris\u00e9es avant d&#039;appara\u00eetre sur le site.<\/p>\t\t\t\t\t\t\t\t<\/div>\n\t\t\t\t<\/div>\n\t\t\t\t\t<\/div>\n\t\t<\/div>\n\t\t\t\t\t<\/div>\n\t\t<\/section>\n\t\t\t\t<section class=\"elementor-section elementor-top-section elementor-element elementor-element-c909b2c elementor-section-boxed elementor-section-height-default elementor-section-height-default\" data-id=\"c909b2c\" data-element_type=\"section\" data-e-type=\"section\">\n\t\t\t\t\t\t<div class=\"elementor-container elementor-column-gap-default\">\n\t\t\t\t\t<div class=\"elementor-column elementor-col-100 elementor-top-column elementor-element elementor-element-8df4428\" data-id=\"8df4428\" data-element_type=\"column\" data-e-type=\"column\">\n\t\t\t<div class=\"elementor-widget-wrap elementor-element-populated\">\n\t\t\t\t\t\t<div class=\"elementor-element elementor-element-20383d2 elementor-widget elementor-widget-heading\" data-id=\"20383d2\" data-element_type=\"widget\" data-e-type=\"widget\" data-widget_type=\"heading.default\">\n\t\t\t\t<div class=\"elementor-widget-container\">\n\t\t\t\t\t<h2 class=\"elementor-heading-title elementor-size-default\">Inscription en tant que candidat suppl\u00e9ant<\/h2>\t\t\t\t<\/div>\n\t\t\t\t<\/div>\n\t\t\t\t\t<\/div>\n\t\t<\/div>\n\t\t\t\t\t<\/div>\n\t\t<\/section>\n\t\t\t\t<section class=\"elementor-section elementor-top-section elementor-element elementor-element-c84cff7 elementor-section-boxed elementor-section-height-default elementor-section-height-default\" data-id=\"c84cff7\" data-element_type=\"section\" data-e-type=\"section\">\n\t\t\t\t\t\t<div class=\"elementor-container elementor-column-gap-default\">\n\t\t\t\t\t<div class=\"elementor-column elementor-col-100 elementor-top-column elementor-element elementor-element-04914f4\" data-id=\"04914f4\" data-element_type=\"column\" data-e-type=\"column\">\n\t\t\t<div class=\"elementor-widget-wrap elementor-element-populated\">\n\t\t\t\t\t\t<div class=\"elementor-element elementor-element-79f400a elementor-widget elementor-widget-text-editor\" data-id=\"79f400a\" data-element_type=\"widget\" data-e-type=\"widget\" data-widget_type=\"text-editor.default\">\n\t\t\t\t<div class=\"elementor-widget-container\">\n\t\t\t\t\t\t\t\t\t<p>Voulez-vous \u00eatre inscrit comme candidat \u00e0 la suppl\u00e9ance? Cela vous permettra de postuler facilement pour des opportunit\u00e9s de suppl\u00e9ant ainsi que d&#039;\u00eatre contact\u00e9 directement par des personnes \u00e0 la recherche d&#039;une ressource de suppl\u00e9ant.<\/p><p>Pour vous inscrire en tant que candidat, suivez ces instructions:<\/p><ol><li>cliquez sur le menu \u00abcandidats\u00bb en haut de la page<\/li><li>s\u00e9lectionnez &quot;Soumettre un candidat \/ CV&quot;<\/li><li>Si vous n&#039;\u00eates pas connect\u00e9 au site, il vous sera demand\u00e9 de vous connecter ou de cr\u00e9er un nouveau compte<\/li><li>remplissez les informations requises.<\/li><\/ol><p>REMARQUE: ces informations peuvent \u00eatre une publicit\u00e9 accessible (les utilisateurs connect\u00e9s du site peuvent acc\u00e9der \u00e0 ces informations). Fournissez les informations appropri\u00e9es.<\/p>\t\t\t\t\t\t\t\t<\/div>\n\t\t\t\t<\/div>\n\t\t\t\t\t<\/div>\n\t\t<\/div>\n\t\t\t\t\t<\/div>\n\t\t<\/section>\n\t\t\t\t<section class=\"elementor-section elementor-top-section elementor-element elementor-element-532f935 elementor-section-boxed elementor-section-height-default elementor-section-height-default\" data-id=\"532f935\" data-element_type=\"section\" data-e-type=\"section\">\n\t\t\t\t\t\t<div class=\"elementor-container elementor-column-gap-default\">\n\t\t\t\t\t<div class=\"elementor-column elementor-col-100 elementor-top-column elementor-element elementor-element-18f6975\" data-id=\"18f6975\" data-element_type=\"column\" data-e-type=\"column\">\n\t\t\t<div class=\"elementor-widget-wrap elementor-element-populated\">\n\t\t\t\t\t\t<div class=\"elementor-element elementor-element-1ac4de3 elementor-widget elementor-widget-heading\" data-id=\"1ac4de3\" data-element_type=\"widget\" data-e-type=\"widget\" data-widget_type=\"heading.default\">\n\t\t\t\t<div class=\"elementor-widget-container\">\n\t\t\t\t\t<h2 class=\"elementor-heading-title elementor-size-default\">Postuler \u00e0 un poste de suppl\u00e9ant<\/h2>\t\t\t\t<\/div>\n\t\t\t\t<\/div>\n\t\t\t\t\t<\/div>\n\t\t<\/div>\n\t\t\t\t\t<\/div>\n\t\t<\/section>\n\t\t\t\t<section class=\"elementor-section elementor-top-section elementor-element elementor-element-4840c49 elementor-section-boxed elementor-section-height-default elementor-section-height-default\" data-id=\"4840c49\" data-element_type=\"section\" data-e-type=\"section\">\n\t\t\t\t\t\t<div class=\"elementor-container elementor-column-gap-default\">\n\t\t\t\t\t<div class=\"elementor-column elementor-col-100 elementor-top-column elementor-element elementor-element-82ccd42\" data-id=\"82ccd42\" data-element_type=\"column\" data-e-type=\"column\">\n\t\t\t<div class=\"elementor-widget-wrap elementor-element-populated\">\n\t\t\t\t\t\t<div class=\"elementor-element elementor-element-0346397 elementor-widget elementor-widget-text-editor\" data-id=\"0346397\" data-element_type=\"widget\" data-e-type=\"widget\" data-widget_type=\"text-editor.default\">\n\t\t\t\t<div class=\"elementor-widget-container\">\n\t\t\t\t\t\t\t\t\t<p>Si, pendant la recherche, vous trouvez une opportunit\u00e9 de remplacement \u00e0 laquelle vous souhaitez postuler, cliquez simplement sur le bouton \u00abPostuler \u00e0 l&#039;emploi\u00bb. Ce bouton est affich\u00e9 sur la page des d\u00e9tails de la locum.<\/p><p>Si vous n&#039;\u00eates pas connect\u00e9 au site, vous serez invit\u00e9 \u00e0 le faire. Si vous n&#039;avez pas de compte, vous devrez cr\u00e9er un nouveau compte avant de postuler \u00e0 la suppl\u00e9ance. La communication entre le propri\u00e9taire suppl\u00e9ant et le demandeur peut \u00eatre effectu\u00e9e via le site Web de locumsnb.<\/p>\t\t\t\t\t\t\t\t<\/div>\n\t\t\t\t<\/div>\n\t\t\t\t\t<\/div>\n\t\t<\/div>\n\t\t\t\t\t<\/div>\n\t\t<\/section>\n\t\t\t\t<\/div>","protected":false},"excerpt":{"rendered":"<p>Posting a Locum If you are interested in posting a locum opportunity, follow these simple instructions: click on the &#8220;post a job&#8221; button at the top right of the page select a package option that meets your needs If you are not already signed in, you will need to login or create a new account [&hellip;]<\/p>\n","protected":false},"author":1,"featured_media":0,"parent":0,"menu_order":0,"comment_status":"closed","ping_status":"closed","template":"","meta":{"_coblocks_attr":"","_coblocks_dimensions":"","_coblocks_responsive_height":"","_coblocks_accordion_ie_support":"","footnotes":""},"class_list":["post-4797","page","type-page","status-publish","hentry"],"yoast_head":"<!-- This site is optimized with the Yoast SEO plugin v26.8 - https:\/\/yoast.com\/product\/yoast-seo-wordpress\/ -->\n<title>How it works - Locums NB<\/title>\n<meta name=\"robots\" content=\"index, follow, max-snippet:-1, max-image-preview:large, max-video-preview:-1\" \/>\n<link rel=\"canonical\" href=\"https:\/\/locumsnb.ca\/fr\/how-it-works\/\" \/>\n<meta property=\"og:locale\" content=\"fr_CA\" \/>\n<meta property=\"og:type\" content=\"article\" \/>\n<meta property=\"og:title\" content=\"How it works - Locums NB\" \/>\n<meta property=\"og:description\" content=\"Posting a Locum If you are interested in posting a locum opportunity, follow these simple instructions: click on the &#8220;post a job&#8221; button at the top right of the page select a package option that meets your needs If you are not already signed in, you will need to login or create a new account [&hellip;]\" \/>\n<meta property=\"og:url\" content=\"https:\/\/locumsnb.ca\/fr\/how-it-works\/\" \/>\n<meta property=\"og:site_name\" content=\"Locums NB\" \/>\n<meta property=\"article:modified_time\" content=\"2021-04-30T14:52:19+00:00\" \/>\n<meta name=\"twitter:card\" content=\"summary_large_image\" \/>\n<meta name=\"twitter:label1\" content=\"Estimation du temps de lecture\" \/>\n\t<meta name=\"twitter:data1\" content=\"2 minutes\" \/>\n<script type=\"application\/ld+json\" class=\"yoast-schema-graph\">{\"@context\":\"https:\/\/schema.org\",\"@graph\":[{\"@type\":\"BreadcrumbList\",\"@id\":\"https:\/\/locumsnb.ca\/how-it-works\/#breadcrumb\",\"itemListElement\":[{\"@type\":\"ListItem\",\"position\":1,\"name\":\"Home\",\"item\":\"https:\/\/locumsnb.ca\/\"},{\"@type\":\"ListItem\",\"position\":2,\"name\":\"How it works\"}]},{\"@type\":\"WebSite\",\"@id\":\"https:\/\/locumsnb.ca\/#website\",\"url\":\"https:\/\/locumsnb.ca\/\",\"name\":\"Locums NB\",\"description\":\"New Brunswick Locum Opportunities\",\"publisher\":{\"@id\":\"https:\/\/locumsnb.ca\/#organization\"},\"potentialAction\":[{\"@type\":\"SearchAction\",\"target\":{\"@type\":\"EntryPoint\",\"urlTemplate\":\"https:\/\/locumsnb.ca\/?s={search_term_string}\"},\"query-input\":{\"@type\":\"PropertyValueSpecification\",\"valueRequired\":true,\"valueName\":\"search_term_string\"}}],\"inLanguage\":\"fr-CA\"},{\"@type\":\"Organization\",\"@id\":\"https:\/\/locumsnb.ca\/#organization\",\"name\":\"locumsNB\",\"url\":\"https:\/\/locumsnb.ca\/\",\"logo\":{\"@type\":\"ImageObject\",\"inLanguage\":\"fr-CA\",\"@id\":\"https:\/\/locumsnb.ca\/#\/schema\/logo\/image\/\",\"url\":\"http:\/\/locumsnb.ca\/wp-content\/uploads\/2021\/05\/locumsnb_logo.jpg\",\"contentUrl\":\"http:\/\/locumsnb.ca\/wp-content\/uploads\/2021\/05\/locumsnb_logo.jpg\",\"width\":461,\"height\":88,\"caption\":\"locumsNB\"},\"image\":{\"@id\":\"https:\/\/locumsnb.ca\/#\/schema\/logo\/image\/\"}}]}<\/script>\n<!-- \/ Yoast SEO plugin. -->","yoast_head_json":{"title":"Fonctionnement - Locums NB","robots":{"index":"index","follow":"follow","max-snippet":"max-snippet:-1","max-image-preview":"max-image-preview:large","max-video-preview":"max-video-preview:-1"},"canonical":"https:\/\/locumsnb.ca\/fr\/how-it-works\/","og_locale":"fr_CA","og_type":"article","og_title":"How it works - Locums NB","og_description":"Posting a Locum If you are interested in posting a locum opportunity, follow these simple instructions: click on the &#8220;post a job&#8221; button at the top right of the page select a package option that meets your needs If you are not already signed in, you will need to login or create a new account [&hellip;]","og_url":"https:\/\/locumsnb.ca\/fr\/how-it-works\/","og_site_name":"Locums NB","article_modified_time":"2021-04-30T14:52:19+00:00","twitter_card":"summary_large_image","twitter_misc":{"Estimation du temps de lecture":"2 minutes"},"schema":{"@context":"https:\/\/schema.org","@graph":[{"@type":"BreadcrumbList","@id":"https:\/\/locumsnb.ca\/how-it-works\/#breadcrumb","itemListElement":[{"@type":"ListItem","position":1,"name":"Home","item":"https:\/\/locumsnb.ca\/"},{"@type":"ListItem","position":2,"name":"How it works"}]},{"@type":"WebSite","@id":"https:\/\/locumsnb.ca\/#website","url":"https:\/\/locumsnb.ca\/","name":"Locums NB","description":"Opportunit\u00e9s de suppl\u00e9ance au Nouveau-Brunswick","publisher":{"@id":"https:\/\/locumsnb.ca\/#organization"},"potentialAction":[{"@type":"SearchAction","target":{"@type":"EntryPoint","urlTemplate":"https:\/\/locumsnb.ca\/?s={search_term_string}"},"query-input":{"@type":"PropertyValueSpecification","valueRequired":true,"valueName":"search_term_string"}}],"inLanguage":"fr-CA"},{"@type":"Organization","@id":"https:\/\/locumsnb.ca\/#organization","name":"rempla\u00e7antsNB","url":"https:\/\/locumsnb.ca\/","logo":{"@type":"ImageObject","inLanguage":"fr-CA","@id":"https:\/\/locumsnb.ca\/#\/schema\/logo\/image\/","url":"http:\/\/locumsnb.ca\/wp-content\/uploads\/2021\/05\/locumsnb_logo.jpg","contentUrl":"http:\/\/locumsnb.ca\/wp-content\/uploads\/2021\/05\/locumsnb_logo.jpg","width":461,"height":88,"caption":"locumsNB"},"image":{"@id":"https:\/\/locumsnb.ca\/#\/schema\/logo\/image\/"}}]}},"_links":{"self":[{"href":"https:\/\/locumsnb.ca\/fr\/wp-json\/wp\/v2\/pages\/4797","targetHints":{"allow":["GET"]}}],"collection":[{"href":"https:\/\/locumsnb.ca\/fr\/wp-json\/wp\/v2\/pages"}],"about":[{"href":"https:\/\/locumsnb.ca\/fr\/wp-json\/wp\/v2\/types\/page"}],"author":[{"embeddable":true,"href":"https:\/\/locumsnb.ca\/fr\/wp-json\/wp\/v2\/users\/1"}],"replies":[{"embeddable":true,"href":"https:\/\/locumsnb.ca\/fr\/wp-json\/wp\/v2\/comments?post=4797"}],"version-history":[{"count":9,"href":"https:\/\/locumsnb.ca\/fr\/wp-json\/wp\/v2\/pages\/4797\/revisions"}],"predecessor-version":[{"id":4807,"href":"https:\/\/locumsnb.ca\/fr\/wp-json\/wp\/v2\/pages\/4797\/revisions\/4807"}],"wp:attachment":[{"href":"https:\/\/locumsnb.ca\/fr\/wp-json\/wp\/v2\/media?parent=4797"}],"curies":[{"name":"wp","href":"https:\/\/api.w.org\/{rel}","templated":true}]}}