{"id":94,"date":"2020-05-07T10:43:50","date_gmt":"2020-05-07T10:43:50","guid":{"rendered":"https:\/\/cariera.co\/new\/?page_id=94"},"modified":"2020-05-07T10:43:50","modified_gmt":"2020-05-07T10:43:50","slug":"post-job","status":"publish","type":"page","link":"https:\/\/locumsnb.ca\/fr\/post-job\/","title":{"rendered":"Publier un emploi"},"content":{"rendered":"<form method=\"post\" id=\"job_package_selection\" action=\"\">\n\t\t\t<div class=\"job_listing_packages_title\">\n\t\t\t\t<input type=\"submit\" name=\"continue\" class=\"button\" value=\"S\u00e9lectionnez le forfait\" \/>\n\t\t\t\t<input type=\"hidden\" name=\"job_id\" value=\"0\" \/>\n\t\t\t\t<input type=\"hidden\" name=\"step\" value=\"0\" \/>\n\t\t\t\t<input type=\"hidden\" name=\"job_manager_form\" value=\"submit-job\" \/>\n\t\t\t\t<h2>Choisissez un forfait<\/h2>\n\t\t\t<\/div>\n\t\t\t<div class=\"job_listing_packages\">\n\t\t\t\t\t<ul class=\"job_packages\">\r\n\t\t\r\n\r\n\t\t\t\t\t<li class=\"package-section\">Forfait d&#039;achat\u00a0:<\/li>\r\n\t\t\t\r\n\t\t\t\t<li class=\"job-package\">\r\n\t\t\t\t\t<div class=\"package-btn-wrapper\">\r\n\t\t\t\t\t\t<div class=\"package-button\"><\/div>\r\n\t\t\t\t\t<\/div>\r\n\t\t\t\t\t<div class=\"package-details\">\r\n\t\t\t\t\t\t<input type=\"radio\"  checked='checked' name=\"job_package\" value=\"4691\" id=\"package-4691\" \/>\r\n\t\t\t\t\t\t<label for=\"package-4691\">Paquet de base<\/label><br\/>\r\n\r\n\t\t\t\t\t\t<div class=\"package-desc\">\r\n\t\t\t\t\t\t\t\t\t\t\t\t\t\t\t<p>Avec le forfait de base, vous ne pourrez poster qu&#039;un seul rempla\u00e7ant qui sera visible pendant 30 jours.<\/p>\n\t\t\t\t\t\t\t\t\t\t\t\t\t\t<\/div>\r\n\t\t\t\t\t<\/div>\r\n\r\n\t\t\t\t\t<div class=\"package-footer\">\r\n\t\t\t\t\t\t<span class=\"price\"><span class=\"woocommerce-Price-amount amount\"><span class=\"woocommerce-Price-currencySymbol\">&#036;<\/span>0.00<\/span><\/span>\r\n\t\t\t\t\t\t<span class=\"caption\">paiement 30 jours<\/span>\r\n\t\t\t\t\t<\/div>\r\n\r\n\t\t\t\t<\/li>\r\n\r\n\t\t\t\r\n\t\t\t\t<li class=\"job-package\">\r\n\t\t\t\t\t<div class=\"package-btn-wrapper\">\r\n\t\t\t\t\t\t<div class=\"package-button\"><\/div>\r\n\t\t\t\t\t<\/div>\r\n\t\t\t\t\t<div class=\"package-details\">\r\n\t\t\t\t\t\t<input type=\"radio\"  name=\"job_package\" value=\"4692\" id=\"package-4692\" \/>\r\n\t\t\t\t\t\t<label for=\"package-4692\">Forfait corporatif<\/label><br\/>\r\n\r\n\t\t\t\t\t\t<div class=\"package-desc\">\r\n\t\t\t\t\t\t\t\t\t\t\t\t\t\t\t<p>Avec le package corporatif, vous serez en mesure d&#039;afficher jusqu&#039;\u00e0 10 suppl\u00e9ants qui seront visibles pendant 60 jours.<\/p>\n\t\t\t\t\t\t\t\t\t\t\t\t\t\t<\/div>\r\n\t\t\t\t\t<\/div>\r\n\r\n\t\t\t\t\t<div class=\"package-footer\">\r\n\t\t\t\t\t\t<span class=\"price\"><span class=\"woocommerce-Price-amount amount\"><span class=\"woocommerce-Price-currencySymbol\">&#036;<\/span>39.99<\/span><\/span>\r\n\t\t\t\t\t\t<span class=\"caption\">paiement 60 jours<\/span>\r\n\t\t\t\t\t<\/div>\r\n\r\n\t\t\t\t<\/li>\r\n\r\n\t\t\t\r\n\t\t\t\t<li class=\"job-package\">\r\n\t\t\t\t\t<div class=\"package-btn-wrapper\">\r\n\t\t\t\t\t\t<div class=\"package-button\"><\/div>\r\n\t\t\t\t\t<\/div>\r\n\t\t\t\t\t<div class=\"package-details\">\r\n\t\t\t\t\t\t<input type=\"radio\"  name=\"job_package\" value=\"4693\" id=\"package-4693\" \/>\r\n\t\t\t\t\t\t<label for=\"package-4693\">Package Entreprise<\/label><br\/>\r\n\r\n\t\t\t\t\t\t<div class=\"package-desc\">\r\n\t\t\t\t\t\t\t\t\t\t\t\t\t\t\t<p>Avec le forfait Entreprise, vous pourrez publier un nombre illimit\u00e9 de suppl\u00e9ants pendant toute l&#039;ann\u00e9e.<\/p>\n\t\t\t\t\t\t\t\t\t\t\t\t\t\t<\/div>\r\n\t\t\t\t\t<\/div>\r\n\r\n\t\t\t\t\t<div class=\"package-footer\">\r\n\t\t\t\t\t\t<span class=\"price\"><span class=\"woocommerce-Price-amount amount\"><span class=\"woocommerce-Price-currencySymbol\">&#036;<\/span>99.99<\/span><\/span>\r\n\t\t\t\t\t\t<span class=\"caption\">Paiement 365 jours<\/span>\r\n\t\t\t\t\t<\/div>\r\n\r\n\t\t\t\t<\/li>\r\n\r\n\t\t\t\t\t\t<\/ul>\r\n\r\n\t<span>S\u00e9lectionnez un package ci-dessus et soumettez-le.<\/span>\r\n\r\n\r\n<div class=\"submission-flow job-submission-flow\">\r\n\t<ul>\r\n\t\t\t\t\t<li class=\"choose-package\">Choisissez votre forfait<\/li>\r\n\t\t\r\n\t\t<li class=\"listing-details\">D\u00e9tails de l&#039;annonce<\/li>\r\n\r\n\t\t\t\t\t<li class=\"preview-listing\">Aper\u00e7u de l&#039;annonce<\/li>\r\n\t\t\t\t\t\t\t\t\t\t<li class=\"checkout\">V\u00e9rifier<\/li>\r\n\t\t\t\t\t\t<\/ul>\r\n<\/div>\r\n\t\t\t<\/div>\n\t\t<input type=\"hidden\" name=\"trp-form-language\" value=\"fr\"\/><\/form>","protected":false},"excerpt":{"rendered":"","protected":false},"author":1,"featured_media":0,"parent":0,"menu_order":0,"comment_status":"closed","ping_status":"closed","template":"templates\/user-dashboard.php","meta":{"_coblocks_attr":"","_coblocks_dimensions":"","_coblocks_responsive_height":"","_coblocks_accordion_ie_support":"","footnotes":""},"class_list":["post-94","page","type-page","status-publish","hentry"],"yoast_head":"<!-- This site is optimized with the Yoast SEO plugin v26.8 - https:\/\/yoast.com\/product\/yoast-seo-wordpress\/ -->\n<title>Post Job - Locums NB<\/title>\n<meta name=\"robots\" content=\"index, follow, max-snippet:-1, max-image-preview:large, max-video-preview:-1\" \/>\n<link rel=\"canonical\" href=\"https:\/\/locumsnb.ca\/fr\/post-job\/\" \/>\n<meta property=\"og:locale\" content=\"fr_CA\" \/>\n<meta property=\"og:type\" content=\"article\" \/>\n<meta property=\"og:title\" content=\"Post Job - Locums NB\" \/>\n<meta property=\"og:url\" content=\"https:\/\/locumsnb.ca\/fr\/post-job\/\" \/>\n<meta property=\"og:site_name\" content=\"Locums NB\" \/>\n<meta name=\"twitter:card\" content=\"summary_large_image\" \/>\n<script type=\"application\/ld+json\" class=\"yoast-schema-graph\">{\"@context\":\"https:\/\/schema.org\",\"@graph\":[{\"@type\":\"BreadcrumbList\",\"@id\":\"https:\/\/locumsnb.ca\/post-job\/#breadcrumb\",\"itemListElement\":[{\"@type\":\"ListItem\",\"position\":1,\"name\":\"Home\",\"item\":\"https:\/\/locumsnb.ca\/\"},{\"@type\":\"ListItem\",\"position\":2,\"name\":\"Post Job\"}]},{\"@type\":\"WebSite\",\"@id\":\"https:\/\/locumsnb.ca\/#website\",\"url\":\"https:\/\/locumsnb.ca\/\",\"name\":\"Locums NB\",\"description\":\"New Brunswick Locum Opportunities\",\"publisher\":{\"@id\":\"https:\/\/locumsnb.ca\/#organization\"},\"potentialAction\":[{\"@type\":\"SearchAction\",\"target\":{\"@type\":\"EntryPoint\",\"urlTemplate\":\"https:\/\/locumsnb.ca\/?s={search_term_string}\"},\"query-input\":{\"@type\":\"PropertyValueSpecification\",\"valueRequired\":true,\"valueName\":\"search_term_string\"}}],\"inLanguage\":\"fr-CA\"},{\"@type\":\"Organization\",\"@id\":\"https:\/\/locumsnb.ca\/#organization\",\"name\":\"locumsNB\",\"url\":\"https:\/\/locumsnb.ca\/\",\"logo\":{\"@type\":\"ImageObject\",\"inLanguage\":\"fr-CA\",\"@id\":\"https:\/\/locumsnb.ca\/#\/schema\/logo\/image\/\",\"url\":\"http:\/\/locumsnb.ca\/wp-content\/uploads\/2021\/05\/locumsnb_logo.jpg\",\"contentUrl\":\"http:\/\/locumsnb.ca\/wp-content\/uploads\/2021\/05\/locumsnb_logo.jpg\",\"width\":461,\"height\":88,\"caption\":\"locumsNB\"},\"image\":{\"@id\":\"https:\/\/locumsnb.ca\/#\/schema\/logo\/image\/\"}}]}<\/script>\n<!-- \/ Yoast SEO plugin. -->","yoast_head_json":{"title":"Offre d&#039;emploi - Int\u00e9rimaires NB","robots":{"index":"index","follow":"follow","max-snippet":"max-snippet:-1","max-image-preview":"max-image-preview:large","max-video-preview":"max-video-preview:-1"},"canonical":"https:\/\/locumsnb.ca\/fr\/post-job\/","og_locale":"fr_CA","og_type":"article","og_title":"Post Job - Locums NB","og_url":"https:\/\/locumsnb.ca\/fr\/post-job\/","og_site_name":"Locums NB","twitter_card":"summary_large_image","schema":{"@context":"https:\/\/schema.org","@graph":[{"@type":"BreadcrumbList","@id":"https:\/\/locumsnb.ca\/post-job\/#breadcrumb","itemListElement":[{"@type":"ListItem","position":1,"name":"Home","item":"https:\/\/locumsnb.ca\/"},{"@type":"ListItem","position":2,"name":"Post Job"}]},{"@type":"WebSite","@id":"https:\/\/locumsnb.ca\/#website","url":"https:\/\/locumsnb.ca\/","name":"Locums NB","description":"Opportunit\u00e9s de suppl\u00e9ance au Nouveau-Brunswick","publisher":{"@id":"https:\/\/locumsnb.ca\/#organization"},"potentialAction":[{"@type":"SearchAction","target":{"@type":"EntryPoint","urlTemplate":"https:\/\/locumsnb.ca\/?s={search_term_string}"},"query-input":{"@type":"PropertyValueSpecification","valueRequired":true,"valueName":"search_term_string"}}],"inLanguage":"fr-CA"},{"@type":"Organization","@id":"https:\/\/locumsnb.ca\/#organization","name":"rempla\u00e7antsNB","url":"https:\/\/locumsnb.ca\/","logo":{"@type":"ImageObject","inLanguage":"fr-CA","@id":"https:\/\/locumsnb.ca\/#\/schema\/logo\/image\/","url":"http:\/\/locumsnb.ca\/wp-content\/uploads\/2021\/05\/locumsnb_logo.jpg","contentUrl":"http:\/\/locumsnb.ca\/wp-content\/uploads\/2021\/05\/locumsnb_logo.jpg","width":461,"height":88,"caption":"locumsNB"},"image":{"@id":"https:\/\/locumsnb.ca\/#\/schema\/logo\/image\/"}}]}},"_links":{"self":[{"href":"https:\/\/locumsnb.ca\/fr\/wp-json\/wp\/v2\/pages\/94","targetHints":{"allow":["GET"]}}],"collection":[{"href":"https:\/\/locumsnb.ca\/fr\/wp-json\/wp\/v2\/pages"}],"about":[{"href":"https:\/\/locumsnb.ca\/fr\/wp-json\/wp\/v2\/types\/page"}],"author":[{"embeddable":true,"href":"https:\/\/locumsnb.ca\/fr\/wp-json\/wp\/v2\/users\/1"}],"replies":[{"embeddable":true,"href":"https:\/\/locumsnb.ca\/fr\/wp-json\/wp\/v2\/comments?post=94"}],"version-history":[{"count":0,"href":"https:\/\/locumsnb.ca\/fr\/wp-json\/wp\/v2\/pages\/94\/revisions"}],"wp:attachment":[{"href":"https:\/\/locumsnb.ca\/fr\/wp-json\/wp\/v2\/media?parent=94"}],"curies":[{"name":"wp","href":"https:\/\/api.w.org\/{rel}","templated":true}]}}